{"id":1399,"date":"2025-04-20T10:45:28","date_gmt":"2025-04-20T10:45:28","guid":{"rendered":"https:\/\/cardosolopes.net\/?page_id=1399"},"modified":"2025-04-20T10:45:29","modified_gmt":"2025-04-20T10:45:29","slug":"projeto-de-intervencao","status":"publish","type":"page","link":"https:\/\/cardosolopes.net\/?page_id=1399","title":{"rendered":"Projeto de Interven\u00e7\u00e3o"},"content":{"rendered":"\n<div data-wp-interactive=\"core\/file\" class=\"wp-block-file\"><object data-wp-bind--hidden=\"!state.hasPdfPreview\" hidden class=\"wp-block-file__embed\" data=\"https:\/\/cardosolopes.net\/wp-content\/uploads\/2025\/04\/projeto-de-intervencao.pdf\" type=\"application\/pdf\" style=\"width:100%;height:900px\" aria-label=\"Incorpora\u00e7\u00e3o de projeto de interven\u00e7\u00e3o.\"><\/object><a id=\"wp-block-file--media-90a96145-8218-4b09-8486-f9fde738cf7a\" href=\"https:\/\/cardosolopes.net\/wp-content\/uploads\/2025\/04\/projeto-de-intervencao.pdf\" target=\"_blank\" rel=\"noreferrer noopener\">projeto de interven\u00e7\u00e3o<\/a><a href=\"https:\/\/cardosolopes.net\/wp-content\/uploads\/2025\/04\/projeto-de-intervencao.pdf\" class=\"wp-block-file__button wp-element-button\" download aria-describedby=\"wp-block-file--media-90a96145-8218-4b09-8486-f9fde738cf7a\">Descarregar<\/a><\/div>\n","protected":false},"excerpt":{"rendered":"","protected":false},"author":3,"featured_media":0,"parent":0,"menu_order":0,"comment_status":"closed","ping_status":"closed","template":"","meta":{"footnotes":""},"class_list":["post-1399","page","type-page","status-publish","hentry"],"yoast_head":"<!-- This site is optimized with the Yoast SEO plugin v27.4 - https:\/\/yoast.com\/product\/yoast-seo-wordpress\/ -->\n<title>Projeto de Interven\u00e7\u00e3o - Agrupamento Cardoso Lopes<\/title>\n<meta name=\"robots\" content=\"index, follow, max-snippet:-1, max-image-preview:large, max-video-preview:-1\" \/>\n<link rel=\"canonical\" href=\"https:\/\/cardosolopes.net\/?page_id=1399\" \/>\n<meta property=\"og:locale\" content=\"pt_PT\" \/>\n<meta property=\"og:type\" content=\"article\" \/>\n<meta property=\"og:title\" content=\"Projeto de Interven\u00e7\u00e3o - Agrupamento Cardoso Lopes\" \/>\n<meta property=\"og:url\" content=\"https:\/\/cardosolopes.net\/?page_id=1399\" \/>\n<meta property=\"og:site_name\" content=\"Agrupamento Cardoso Lopes\" \/>\n<meta property=\"article:modified_time\" content=\"2025-04-20T10:45:29+00:00\" \/>\n<meta name=\"twitter:card\" content=\"summary_large_image\" \/>\n<meta name=\"twitter:label1\" content=\"Tempo estimado de leitura\" \/>\n\t<meta name=\"twitter:data1\" content=\"1 minuto\" \/>\n<script type=\"application\/ld+json\" class=\"yoast-schema-graph\">{\"@context\":\"https:\\\/\\\/schema.org\",\"@graph\":[{\"@type\":\"WebPage\",\"@id\":\"https:\\\/\\\/cardosolopes.net\\\/?page_id=1399\",\"url\":\"https:\\\/\\\/cardosolopes.net\\\/?page_id=1399\",\"name\":\"Projeto de Interven\u00e7\u00e3o - Agrupamento Cardoso Lopes\",\"isPartOf\":{\"@id\":\"https:\\\/\\\/cardosolopes.net\\\/#website\"},\"datePublished\":\"2025-04-20T10:45:28+00:00\",\"dateModified\":\"2025-04-20T10:45:29+00:00\",\"breadcrumb\":{\"@id\":\"https:\\\/\\\/cardosolopes.net\\\/?page_id=1399#breadcrumb\"},\"inLanguage\":\"pt-PT\",\"potentialAction\":[{\"@type\":\"ReadAction\",\"target\":[\"https:\\\/\\\/cardosolopes.net\\\/?page_id=1399\"]}]},{\"@type\":\"BreadcrumbList\",\"@id\":\"https:\\\/\\\/cardosolopes.net\\\/?page_id=1399#breadcrumb\",\"itemListElement\":[{\"@type\":\"ListItem\",\"position\":1,\"name\":\"In\u00edcio\",\"item\":\"https:\\\/\\\/cardosolopes.net\\\/\"},{\"@type\":\"ListItem\",\"position\":2,\"name\":\"Projeto de Interven\u00e7\u00e3o\"}]},{\"@type\":\"WebSite\",\"@id\":\"https:\\\/\\\/cardosolopes.net\\\/#website\",\"url\":\"https:\\\/\\\/cardosolopes.net\\\/\",\"name\":\"Agrupamento Cardoso Lopes\",\"description\":\"\",\"publisher\":{\"@id\":\"https:\\\/\\\/cardosolopes.net\\\/#organization\"},\"potentialAction\":[{\"@type\":\"SearchAction\",\"target\":{\"@type\":\"EntryPoint\",\"urlTemplate\":\"https:\\\/\\\/cardosolopes.net\\\/?s={search_term_string}\"},\"query-input\":{\"@type\":\"PropertyValueSpecification\",\"valueRequired\":true,\"valueName\":\"search_term_string\"}}],\"inLanguage\":\"pt-PT\"},{\"@type\":\"Organization\",\"@id\":\"https:\\\/\\\/cardosolopes.net\\\/#organization\",\"name\":\"Agrupamento Cardoso Lopes\",\"url\":\"https:\\\/\\\/cardosolopes.net\\\/\",\"logo\":{\"@type\":\"ImageObject\",\"inLanguage\":\"pt-PT\",\"@id\":\"https:\\\/\\\/cardosolopes.net\\\/#\\\/schema\\\/logo\\\/image\\\/\",\"url\":\"https:\\\/\\\/cardosolopes.net\\\/wp-content\\\/uploads\\\/2025\\\/02\\\/cropped-12.jpg\",\"contentUrl\":\"https:\\\/\\\/cardosolopes.net\\\/wp-content\\\/uploads\\\/2025\\\/02\\\/cropped-12.jpg\",\"width\":398,\"height\":354,\"caption\":\"Agrupamento Cardoso Lopes\"},\"image\":{\"@id\":\"https:\\\/\\\/cardosolopes.net\\\/#\\\/schema\\\/logo\\\/image\\\/\"}}]}<\/script>\n<!-- \/ Yoast SEO plugin. -->","yoast_head_json":{"title":"Projeto de Interven\u00e7\u00e3o - Agrupamento Cardoso Lopes","robots":{"index":"index","follow":"follow","max-snippet":"max-snippet:-1","max-image-preview":"max-image-preview:large","max-video-preview":"max-video-preview:-1"},"canonical":"https:\/\/cardosolopes.net\/?page_id=1399","og_locale":"pt_PT","og_type":"article","og_title":"Projeto de Interven\u00e7\u00e3o - Agrupamento Cardoso Lopes","og_url":"https:\/\/cardosolopes.net\/?page_id=1399","og_site_name":"Agrupamento Cardoso Lopes","article_modified_time":"2025-04-20T10:45:29+00:00","twitter_card":"summary_large_image","twitter_misc":{"Tempo estimado de leitura":"1 minuto"},"schema":{"@context":"https:\/\/schema.org","@graph":[{"@type":"WebPage","@id":"https:\/\/cardosolopes.net\/?page_id=1399","url":"https:\/\/cardosolopes.net\/?page_id=1399","name":"Projeto de Interven\u00e7\u00e3o - Agrupamento Cardoso Lopes","isPartOf":{"@id":"https:\/\/cardosolopes.net\/#website"},"datePublished":"2025-04-20T10:45:28+00:00","dateModified":"2025-04-20T10:45:29+00:00","breadcrumb":{"@id":"https:\/\/cardosolopes.net\/?page_id=1399#breadcrumb"},"inLanguage":"pt-PT","potentialAction":[{"@type":"ReadAction","target":["https:\/\/cardosolopes.net\/?page_id=1399"]}]},{"@type":"BreadcrumbList","@id":"https:\/\/cardosolopes.net\/?page_id=1399#breadcrumb","itemListElement":[{"@type":"ListItem","position":1,"name":"In\u00edcio","item":"https:\/\/cardosolopes.net\/"},{"@type":"ListItem","position":2,"name":"Projeto de Interven\u00e7\u00e3o"}]},{"@type":"WebSite","@id":"https:\/\/cardosolopes.net\/#website","url":"https:\/\/cardosolopes.net\/","name":"Agrupamento Cardoso Lopes","description":"","publisher":{"@id":"https:\/\/cardosolopes.net\/#organization"},"potentialAction":[{"@type":"SearchAction","target":{"@type":"EntryPoint","urlTemplate":"https:\/\/cardosolopes.net\/?s={search_term_string}"},"query-input":{"@type":"PropertyValueSpecification","valueRequired":true,"valueName":"search_term_string"}}],"inLanguage":"pt-PT"},{"@type":"Organization","@id":"https:\/\/cardosolopes.net\/#organization","name":"Agrupamento Cardoso Lopes","url":"https:\/\/cardosolopes.net\/","logo":{"@type":"ImageObject","inLanguage":"pt-PT","@id":"https:\/\/cardosolopes.net\/#\/schema\/logo\/image\/","url":"https:\/\/cardosolopes.net\/wp-content\/uploads\/2025\/02\/cropped-12.jpg","contentUrl":"https:\/\/cardosolopes.net\/wp-content\/uploads\/2025\/02\/cropped-12.jpg","width":398,"height":354,"caption":"Agrupamento Cardoso Lopes"},"image":{"@id":"https:\/\/cardosolopes.net\/#\/schema\/logo\/image\/"}}]}},"_links":{"self":[{"href":"https:\/\/cardosolopes.net\/index.php?rest_route=\/wp\/v2\/pages\/1399","targetHints":{"allow":["GET"]}}],"collection":[{"href":"https:\/\/cardosolopes.net\/index.php?rest_route=\/wp\/v2\/pages"}],"about":[{"href":"https:\/\/cardosolopes.net\/index.php?rest_route=\/wp\/v2\/types\/page"}],"author":[{"embeddable":true,"href":"https:\/\/cardosolopes.net\/index.php?rest_route=\/wp\/v2\/users\/3"}],"replies":[{"embeddable":true,"href":"https:\/\/cardosolopes.net\/index.php?rest_route=%2Fwp%2Fv2%2Fcomments&post=1399"}],"version-history":[{"count":1,"href":"https:\/\/cardosolopes.net\/index.php?rest_route=\/wp\/v2\/pages\/1399\/revisions"}],"predecessor-version":[{"id":1403,"href":"https:\/\/cardosolopes.net\/index.php?rest_route=\/wp\/v2\/pages\/1399\/revisions\/1403"}],"wp:attachment":[{"href":"https:\/\/cardosolopes.net\/index.php?rest_route=%2Fwp%2Fv2%2Fmedia&parent=1399"}],"curies":[{"name":"wp","href":"https:\/\/api.w.org\/{rel}","templated":true}]}}