{"id":1942,"date":"2025-05-16T18:28:47","date_gmt":"2025-05-16T18:28:47","guid":{"rendered":"https:\/\/cardosolopes.net\/?page_id=1942"},"modified":"2025-06-07T11:10:15","modified_gmt":"2025-06-07T11:10:15","slug":"conectados-em-seguranca","status":"publish","type":"page","link":"https:\/\/cardosolopes.net\/?page_id=1942","title":{"rendered":"Conectados em Seguran\u00e7a"},"content":{"rendered":"\n<figure class=\"wp-block-image size-large\"><img  title=\"\" loading=\"lazy\" decoding=\"async\" width=\"1024\" height=\"724\" src=\"https:\/\/cardosolopes.net\/wp-content\/uploads\/2025\/05\/capa_conectados_em_seguranca-1024x724.png\"  alt=\"capa_conectados_em_seguranca-1024x724 Conectados em Seguran\u00e7a\"  class=\"wp-image-1946\" srcset=\"https:\/\/cardosolopes.net\/wp-content\/uploads\/2025\/05\/capa_conectados_em_seguranca-1024x724.png 1024w, https:\/\/cardosolopes.net\/wp-content\/uploads\/2025\/05\/capa_conectados_em_seguranca-300x212.png 300w, https:\/\/cardosolopes.net\/wp-content\/uploads\/2025\/05\/capa_conectados_em_seguranca-768x543.png 768w, https:\/\/cardosolopes.net\/wp-content\/uploads\/2025\/05\/capa_conectados_em_seguranca-1536x1086.png 1536w, https:\/\/cardosolopes.net\/wp-content\/uploads\/2025\/05\/capa_conectados_em_seguranca-600x424.png 600w, https:\/\/cardosolopes.net\/wp-content\/uploads\/2025\/05\/capa_conectados_em_seguranca.png 2000w\" sizes=\"auto, (max-width: 1024px) 100vw, 1024px\" \/><\/figure>\n\n\n\n<p><strong>T\u00edtulo do Projeto: <\/strong>Conectados em seguran\u00e7a: dentro e fora da escola<\/p>\n\n\n\n<p><strong>Resumo do projeto: <\/strong>O projeto conectados em seguran\u00e7a da necessidade de fornecer aos alunos do nosso agrupamento informa\u00e7\u00f5es para que possam agir da melhor forma poss\u00edvel sempre que est\u00e3o conectados \u00e0 Internet, seja dentro ou fora da sala de aula. Nesta atividade foram envolvidos alunos de todos os ciclos de ensino, bem como pais e encarregados de educa\u00e7\u00e3o, assistentes t\u00e9cnicos e assistentes operacionais. <\/p>\n\n\n\n<p><strong>Formul\u00e1rio:<\/strong> <\/p>\n\n\n\n<div data-wp-interactive=\"core\/file\" class=\"wp-block-file\"><object data-wp-bind--hidden=\"!state.hasPdfPreview\" hidden class=\"wp-block-file__embed\" data=\"https:\/\/cardosolopes.net\/wp-content\/uploads\/2025\/06\/Conectados_em_Seguranca_2024_2025_Agrupamento_Cardoso_Lopes.pdf\" type=\"application\/pdf\" style=\"width:100%;height:600px\" aria-label=\"Incorpora\u00e7\u00e3o de Conectados_em_Seguranca_2024_2025_Agrupamento_Cardoso_Lopes.\"><\/object><a id=\"wp-block-file--media-cf28e5e8-080c-4f76-81d5-9fc0e72da077\" href=\"https:\/\/cardosolopes.net\/wp-content\/uploads\/2025\/06\/Conectados_em_Seguranca_2024_2025_Agrupamento_Cardoso_Lopes.pdf\">Conectados_em_Seguranca_2024_2025_Agrupamento_Cardoso_Lopes<\/a><a href=\"https:\/\/cardosolopes.net\/wp-content\/uploads\/2025\/06\/Conectados_em_Seguranca_2024_2025_Agrupamento_Cardoso_Lopes.pdf\" class=\"wp-block-file__button wp-element-button\" download aria-describedby=\"wp-block-file--media-cf28e5e8-080c-4f76-81d5-9fc0e72da077\">Descarregar<\/a><\/div>\n\n\n\n<p><strong>Preencher o formul\u00e1rio: <\/strong><\/p>\n\n\n\n<iframe loading=\"lazy\" width=\"640px\" height=\"480px\" src=\"https:\/\/forms.office.com\/Pages\/ResponsePage.aspx?id=UezmBqAZ3ESYaf8vbcrfGadzJrOgNxRPuDXqi3chQpZUQzBPQjBUWVFDWTlCTk83MzJQQ1BKOVZaRy4u&#038;embed=true\" frameborder=\"0\" marginwidth=\"0\" marginheight=\"0\" style=\"border: none; max-width:100%; max-height:100vh\" allowfullscreen webkitallowfullscreen mozallowfullscreen msallowfullscreen> <\/iframe>\n\n\n\n<p><strong>Resultados obtidos com o question\u00e1rio:<\/strong><\/p>\n\n\n\n<figure class=\"wp-block-image size-large\"><img  title=\"\" loading=\"lazy\" decoding=\"async\" width=\"1024\" height=\"218\" src=\"https:\/\/cardosolopes.net\/wp-content\/uploads\/2025\/06\/conectados_seguranca_0-1-1024x218.jpg\"  alt=\"conectados_seguranca_0-1-1024x218 Conectados em Seguran\u00e7a\"  class=\"wp-image-2355\" srcset=\"https:\/\/cardosolopes.net\/wp-content\/uploads\/2025\/06\/conectados_seguranca_0-1-1024x218.jpg 1024w, https:\/\/cardosolopes.net\/wp-content\/uploads\/2025\/06\/conectados_seguranca_0-1-300x64.jpg 300w, https:\/\/cardosolopes.net\/wp-content\/uploads\/2025\/06\/conectados_seguranca_0-1-768x164.jpg 768w, https:\/\/cardosolopes.net\/wp-content\/uploads\/2025\/06\/conectados_seguranca_0-1-1536x328.jpg 1536w, https:\/\/cardosolopes.net\/wp-content\/uploads\/2025\/06\/conectados_seguranca_0-1-600x128.jpg 600w, https:\/\/cardosolopes.net\/wp-content\/uploads\/2025\/06\/conectados_seguranca_0-1.jpg 1884w\" sizes=\"auto, (max-width: 1024px) 100vw, 1024px\" \/><\/figure>\n\n\n\n<figure class=\"wp-block-image size-large\"><img  title=\"\" loading=\"lazy\" decoding=\"async\" width=\"1024\" height=\"399\" src=\"https:\/\/cardosolopes.net\/wp-content\/uploads\/2025\/06\/conectados_seguranca_1-1024x399.jpg\"  alt=\"conectados_seguranca_1-1024x399 Conectados em Seguran\u00e7a\"  class=\"wp-image-2356\" srcset=\"https:\/\/cardosolopes.net\/wp-content\/uploads\/2025\/06\/conectados_seguranca_1-1024x399.jpg 1024w, https:\/\/cardosolopes.net\/wp-content\/uploads\/2025\/06\/conectados_seguranca_1-300x117.jpg 300w, https:\/\/cardosolopes.net\/wp-content\/uploads\/2025\/06\/conectados_seguranca_1-768x299.jpg 768w, https:\/\/cardosolopes.net\/wp-content\/uploads\/2025\/06\/conectados_seguranca_1-1536x599.jpg 1536w, https:\/\/cardosolopes.net\/wp-content\/uploads\/2025\/06\/conectados_seguranca_1-600x234.jpg 600w, https:\/\/cardosolopes.net\/wp-content\/uploads\/2025\/06\/conectados_seguranca_1.jpg 1878w\" sizes=\"auto, (max-width: 1024px) 100vw, 1024px\" \/><\/figure>\n\n\n\n<figure class=\"wp-block-image size-large\"><img  title=\"\" loading=\"lazy\" decoding=\"async\" width=\"1024\" height=\"433\" src=\"https:\/\/cardosolopes.net\/wp-content\/uploads\/2025\/06\/conectados_seguranca_2-1024x433.jpg\"  alt=\"conectados_seguranca_2-1024x433 Conectados em Seguran\u00e7a\"  class=\"wp-image-2357\" srcset=\"https:\/\/cardosolopes.net\/wp-content\/uploads\/2025\/06\/conectados_seguranca_2-1024x433.jpg 1024w, https:\/\/cardosolopes.net\/wp-content\/uploads\/2025\/06\/conectados_seguranca_2-300x127.jpg 300w, https:\/\/cardosolopes.net\/wp-content\/uploads\/2025\/06\/conectados_seguranca_2-768x324.jpg 768w, https:\/\/cardosolopes.net\/wp-content\/uploads\/2025\/06\/conectados_seguranca_2-1536x649.jpg 1536w, https:\/\/cardosolopes.net\/wp-content\/uploads\/2025\/06\/conectados_seguranca_2-600x254.jpg 600w, https:\/\/cardosolopes.net\/wp-content\/uploads\/2025\/06\/conectados_seguranca_2.jpg 1884w\" sizes=\"auto, (max-width: 1024px) 100vw, 1024px\" \/><\/figure>\n\n\n\n<figure class=\"wp-block-image size-large\"><img  title=\"\" loading=\"lazy\" decoding=\"async\" width=\"1024\" height=\"362\" src=\"https:\/\/cardosolopes.net\/wp-content\/uploads\/2025\/06\/conectados_seguranca_3-1024x362.jpg\"  alt=\"conectados_seguranca_3-1024x362 Conectados em Seguran\u00e7a\"  class=\"wp-image-2358\" srcset=\"https:\/\/cardosolopes.net\/wp-content\/uploads\/2025\/06\/conectados_seguranca_3-1024x362.jpg 1024w, https:\/\/cardosolopes.net\/wp-content\/uploads\/2025\/06\/conectados_seguranca_3-300x106.jpg 300w, https:\/\/cardosolopes.net\/wp-content\/uploads\/2025\/06\/conectados_seguranca_3-768x271.jpg 768w, https:\/\/cardosolopes.net\/wp-content\/uploads\/2025\/06\/conectados_seguranca_3-1536x542.jpg 1536w, https:\/\/cardosolopes.net\/wp-content\/uploads\/2025\/06\/conectados_seguranca_3-600x212.jpg 600w, https:\/\/cardosolopes.net\/wp-content\/uploads\/2025\/06\/conectados_seguranca_3.jpg 1892w\" sizes=\"auto, (max-width: 1024px) 100vw, 1024px\" \/><\/figure>\n\n\n\n<figure class=\"wp-block-image size-large\"><img  title=\"\" loading=\"lazy\" decoding=\"async\" width=\"1024\" height=\"399\" src=\"https:\/\/cardosolopes.net\/wp-content\/uploads\/2025\/06\/conectados_seguranca_4-1024x399.jpg\"  alt=\"conectados_seguranca_4-1024x399 Conectados em Seguran\u00e7a\"  class=\"wp-image-2359\" srcset=\"https:\/\/cardosolopes.net\/wp-content\/uploads\/2025\/06\/conectados_seguranca_4-1024x399.jpg 1024w, https:\/\/cardosolopes.net\/wp-content\/uploads\/2025\/06\/conectados_seguranca_4-300x117.jpg 300w, https:\/\/cardosolopes.net\/wp-content\/uploads\/2025\/06\/conectados_seguranca_4-768x300.jpg 768w, https:\/\/cardosolopes.net\/wp-content\/uploads\/2025\/06\/conectados_seguranca_4-1536x599.jpg 1536w, https:\/\/cardosolopes.net\/wp-content\/uploads\/2025\/06\/conectados_seguranca_4-600x234.jpg 600w, https:\/\/cardosolopes.net\/wp-content\/uploads\/2025\/06\/conectados_seguranca_4.jpg 1882w\" sizes=\"auto, (max-width: 1024px) 100vw, 1024px\" \/><\/figure>\n\n\n\n<figure class=\"wp-block-image size-large\"><img  title=\"\" loading=\"lazy\" decoding=\"async\" width=\"1024\" height=\"375\" src=\"https:\/\/cardosolopes.net\/wp-content\/uploads\/2025\/06\/image-4-1024x375.png\"  alt=\"image-4-1024x375 Conectados em Seguran\u00e7a\"  class=\"wp-image-2365\" srcset=\"https:\/\/cardosolopes.net\/wp-content\/uploads\/2025\/06\/image-4-1024x375.png 1024w, https:\/\/cardosolopes.net\/wp-content\/uploads\/2025\/06\/image-4-300x110.png 300w, https:\/\/cardosolopes.net\/wp-content\/uploads\/2025\/06\/image-4-768x281.png 768w, https:\/\/cardosolopes.net\/wp-content\/uploads\/2025\/06\/image-4-1536x562.png 1536w, https:\/\/cardosolopes.net\/wp-content\/uploads\/2025\/06\/image-4-600x219.png 600w, https:\/\/cardosolopes.net\/wp-content\/uploads\/2025\/06\/image-4.png 1826w\" sizes=\"auto, (max-width: 1024px) 100vw, 1024px\" \/><\/figure>\n\n\n\n<figure class=\"wp-block-image size-large\"><img  title=\"\" loading=\"lazy\" decoding=\"async\" width=\"1024\" height=\"367\" src=\"https:\/\/cardosolopes.net\/wp-content\/uploads\/2025\/06\/image-5-1024x367.png\"  alt=\"image-5-1024x367 Conectados em Seguran\u00e7a\"  class=\"wp-image-2366\" srcset=\"https:\/\/cardosolopes.net\/wp-content\/uploads\/2025\/06\/image-5-1024x367.png 1024w, https:\/\/cardosolopes.net\/wp-content\/uploads\/2025\/06\/image-5-300x107.png 300w, https:\/\/cardosolopes.net\/wp-content\/uploads\/2025\/06\/image-5-768x275.png 768w, https:\/\/cardosolopes.net\/wp-content\/uploads\/2025\/06\/image-5-1536x550.png 1536w, https:\/\/cardosolopes.net\/wp-content\/uploads\/2025\/06\/image-5-600x215.png 600w, https:\/\/cardosolopes.net\/wp-content\/uploads\/2025\/06\/image-5.png 1782w\" sizes=\"auto, (max-width: 1024px) 100vw, 1024px\" \/><\/figure>\n\n\n\n<figure class=\"wp-block-image size-large\"><img  title=\"\" loading=\"lazy\" decoding=\"async\" width=\"1024\" height=\"375\" src=\"https:\/\/cardosolopes.net\/wp-content\/uploads\/2025\/06\/image-6-1024x375.png\"  alt=\"image-6-1024x375 Conectados em Seguran\u00e7a\"  class=\"wp-image-2368\" srcset=\"https:\/\/cardosolopes.net\/wp-content\/uploads\/2025\/06\/image-6-1024x375.png 1024w, https:\/\/cardosolopes.net\/wp-content\/uploads\/2025\/06\/image-6-300x110.png 300w, https:\/\/cardosolopes.net\/wp-content\/uploads\/2025\/06\/image-6-768x281.png 768w, https:\/\/cardosolopes.net\/wp-content\/uploads\/2025\/06\/image-6-1536x563.png 1536w, https:\/\/cardosolopes.net\/wp-content\/uploads\/2025\/06\/image-6-600x220.png 600w, https:\/\/cardosolopes.net\/wp-content\/uploads\/2025\/06\/image-6.png 1796w\" sizes=\"auto, (max-width: 1024px) 100vw, 1024px\" \/><\/figure>\n\n\n\n<figure class=\"wp-block-image size-large\"><img  title=\"\" loading=\"lazy\" decoding=\"async\" width=\"1024\" height=\"367\" src=\"https:\/\/cardosolopes.net\/wp-content\/uploads\/2025\/06\/image-7-1024x367.png\"  alt=\"image-7-1024x367 Conectados em Seguran\u00e7a\"  class=\"wp-image-2370\" srcset=\"https:\/\/cardosolopes.net\/wp-content\/uploads\/2025\/06\/image-7-1024x367.png 1024w, https:\/\/cardosolopes.net\/wp-content\/uploads\/2025\/06\/image-7-300x108.png 300w, https:\/\/cardosolopes.net\/wp-content\/uploads\/2025\/06\/image-7-768x275.png 768w, https:\/\/cardosolopes.net\/wp-content\/uploads\/2025\/06\/image-7-1536x551.png 1536w, https:\/\/cardosolopes.net\/wp-content\/uploads\/2025\/06\/image-7-600x215.png 600w, https:\/\/cardosolopes.net\/wp-content\/uploads\/2025\/06\/image-7.png 1724w\" sizes=\"auto, (max-width: 1024px) 100vw, 1024px\" \/><\/figure>\n\n\n\n<figure class=\"wp-block-image size-large\"><img  title=\"\" loading=\"lazy\" decoding=\"async\" width=\"1024\" height=\"384\" src=\"https:\/\/cardosolopes.net\/wp-content\/uploads\/2025\/06\/image-8-1024x384.png\"  alt=\"image-8-1024x384 Conectados em Seguran\u00e7a\"  class=\"wp-image-2371\" srcset=\"https:\/\/cardosolopes.net\/wp-content\/uploads\/2025\/06\/image-8-1024x384.png 1024w, https:\/\/cardosolopes.net\/wp-content\/uploads\/2025\/06\/image-8-300x112.png 300w, https:\/\/cardosolopes.net\/wp-content\/uploads\/2025\/06\/image-8-768x288.png 768w, https:\/\/cardosolopes.net\/wp-content\/uploads\/2025\/06\/image-8-1536x576.png 1536w, https:\/\/cardosolopes.net\/wp-content\/uploads\/2025\/06\/image-8-600x225.png 600w, https:\/\/cardosolopes.net\/wp-content\/uploads\/2025\/06\/image-8.png 1750w\" sizes=\"auto, (max-width: 1024px) 100vw, 1024px\" \/><\/figure>\n\n\n\n<figure class=\"wp-block-image size-large\"><img  title=\"\" loading=\"lazy\" decoding=\"async\" width=\"1024\" height=\"330\" src=\"https:\/\/cardosolopes.net\/wp-content\/uploads\/2025\/06\/image-9-1024x330.png\"  alt=\"image-9-1024x330 Conectados em Seguran\u00e7a\"  class=\"wp-image-2372\" srcset=\"https:\/\/cardosolopes.net\/wp-content\/uploads\/2025\/06\/image-9-1024x330.png 1024w, https:\/\/cardosolopes.net\/wp-content\/uploads\/2025\/06\/image-9-300x97.png 300w, https:\/\/cardosolopes.net\/wp-content\/uploads\/2025\/06\/image-9-768x247.png 768w, https:\/\/cardosolopes.net\/wp-content\/uploads\/2025\/06\/image-9-1536x495.png 1536w, https:\/\/cardosolopes.net\/wp-content\/uploads\/2025\/06\/image-9-600x193.png 600w, https:\/\/cardosolopes.net\/wp-content\/uploads\/2025\/06\/image-9.png 1806w\" sizes=\"auto, (max-width: 1024px) 100vw, 1024px\" \/><\/figure>\n\n\n\n<p><strong>Alguns dos trabalhos produzidos:<\/strong><\/p>\n\n\n\n<div class=\"padlet-embed\" style=\"border:1px solid rgba(0,0,0,0.1);border-radius:2px;box-sizing:border-box;overflow:hidden;position:relative;width:100%;background:#F4F4F4\"><p style=\"padding:0;margin:0\"><iframe src=\"https:\/\/padlet.com\/embed\/1qgwkl8eiw3rtbc6\" frameborder=\"0\" allow=\"camera;microphone;geolocation;display-capture;clipboard-write\" style=\"width:100%;height:608px;display:block;padding:0;margin:0\"><\/iframe><\/p><div style=\"display:flex;align-items:center;justify-content:end;margin:0;height:28px\"><a href=\"https:\/\/padlet.com?ref=embed\" style=\"display:block;flex-grow:0;margin:0;border:none;padding:0;text-decoration:none\" target=\"_blank\"><div style=\"display:flex;align-items:center;\"><img  title=\"\" loading=\"lazy\" decoding=\"async\" src=\"https:\/\/padlet.net\/embeds\/made_with_padlet_2022.png\" width=\"114\" height=\"28\" style=\"padding:0;margin:0;background:0 0;border:none;box-shadow:none\"  alt=\"made_with_padlet_2022 Conectados em Seguran\u00e7a\" ><\/div><\/a><\/div><\/div>\n\n\n\n<p><strong>Contatos:<\/strong> Jorge Eus\u00e9bio (f1516@cardosolopes.net), Nuno Amaral (f1188@cardosolopes.net), Lu\u00eds Sousa (f0984@cardosolopes.net)<\/p>\n\n\n\n<p><\/p>\n","protected":false},"excerpt":{"rendered":"<p>T\u00edtulo do Projeto: Conectados em seguran\u00e7a: dentro e fora da escola Resumo do projeto: O projeto conectados em seguran\u00e7a da necessidade de fornecer aos alunos do nosso agrupamento informa\u00e7\u00f5es para que possam agir da melhor forma poss\u00edvel sempre que est\u00e3o conectados \u00e0 Internet, seja dentro ou fora da sala de aula. Nesta atividade foram envolvidos [&hellip;]<\/p>\n","protected":false},"author":3,"featured_media":0,"parent":0,"menu_order":0,"comment_status":"closed","ping_status":"closed","template":"","meta":{"footnotes":""},"class_list":["post-1942","page","type-page","status-publish","hentry"],"yoast_head":"<!-- This site is optimized with the Yoast SEO plugin v27.5 - https:\/\/yoast.com\/product\/yoast-seo-wordpress\/ -->\n<title>Conectados em Seguran\u00e7a - Agrupamento Cardoso Lopes<\/title>\n<meta name=\"robots\" content=\"index, follow, max-snippet:-1, max-image-preview:large, max-video-preview:-1\" \/>\n<link rel=\"canonical\" href=\"https:\/\/cardosolopes.net\/?page_id=1942\" \/>\n<meta property=\"og:locale\" content=\"pt_PT\" \/>\n<meta property=\"og:type\" content=\"article\" \/>\n<meta property=\"og:title\" content=\"Conectados em Seguran\u00e7a - Agrupamento Cardoso Lopes\" \/>\n<meta property=\"og:description\" content=\"T\u00edtulo do Projeto: Conectados em seguran\u00e7a: dentro e fora da escola Resumo do projeto: O projeto conectados em seguran\u00e7a da necessidade de fornecer aos alunos do nosso agrupamento informa\u00e7\u00f5es para que possam agir da melhor forma poss\u00edvel sempre que est\u00e3o conectados \u00e0 Internet, seja dentro ou fora da sala de aula. Nesta atividade foram envolvidos [&hellip;]\" \/>\n<meta property=\"og:url\" content=\"https:\/\/cardosolopes.net\/?page_id=1942\" \/>\n<meta property=\"og:site_name\" content=\"Agrupamento Cardoso Lopes\" \/>\n<meta property=\"article:modified_time\" content=\"2025-06-07T11:10:15+00:00\" \/>\n<meta property=\"og:image\" content=\"https:\/\/cardosolopes.net\/wp-content\/uploads\/2025\/05\/capa_conectados_em_seguranca-1024x724.png\" \/>\n\t<meta property=\"og:image:width\" content=\"1024\" \/>\n\t<meta property=\"og:image:height\" content=\"724\" \/>\n\t<meta property=\"og:image:type\" content=\"image\/png\" \/>\n<meta name=\"twitter:card\" content=\"summary_large_image\" \/>\n<meta name=\"twitter:label1\" content=\"Tempo estimado de leitura\" \/>\n\t<meta name=\"twitter:data1\" content=\"4 minutos\" \/>\n<script type=\"application\/ld+json\" class=\"yoast-schema-graph\">{\"@context\":\"https:\\\/\\\/schema.org\",\"@graph\":[{\"@type\":\"WebPage\",\"@id\":\"https:\\\/\\\/cardosolopes.net\\\/?page_id=1942\",\"url\":\"https:\\\/\\\/cardosolopes.net\\\/?page_id=1942\",\"name\":\"Conectados em Seguran\u00e7a - Agrupamento Cardoso Lopes\",\"isPartOf\":{\"@id\":\"https:\\\/\\\/cardosolopes.net\\\/#website\"},\"primaryImageOfPage\":{\"@id\":\"https:\\\/\\\/cardosolopes.net\\\/?page_id=1942#primaryimage\"},\"image\":{\"@id\":\"https:\\\/\\\/cardosolopes.net\\\/?page_id=1942#primaryimage\"},\"thumbnailUrl\":\"https:\\\/\\\/cardosolopes.net\\\/wp-content\\\/uploads\\\/2025\\\/05\\\/capa_conectados_em_seguranca-1024x724.png\",\"datePublished\":\"2025-05-16T18:28:47+00:00\",\"dateModified\":\"2025-06-07T11:10:15+00:00\",\"breadcrumb\":{\"@id\":\"https:\\\/\\\/cardosolopes.net\\\/?page_id=1942#breadcrumb\"},\"inLanguage\":\"pt-PT\",\"potentialAction\":[{\"@type\":\"ReadAction\",\"target\":[\"https:\\\/\\\/cardosolopes.net\\\/?page_id=1942\"]}]},{\"@type\":\"ImageObject\",\"inLanguage\":\"pt-PT\",\"@id\":\"https:\\\/\\\/cardosolopes.net\\\/?page_id=1942#primaryimage\",\"url\":\"https:\\\/\\\/cardosolopes.net\\\/wp-content\\\/uploads\\\/2025\\\/05\\\/capa_conectados_em_seguranca.png\",\"contentUrl\":\"https:\\\/\\\/cardosolopes.net\\\/wp-content\\\/uploads\\\/2025\\\/05\\\/capa_conectados_em_seguranca.png\",\"width\":2000,\"height\":1414},{\"@type\":\"BreadcrumbList\",\"@id\":\"https:\\\/\\\/cardosolopes.net\\\/?page_id=1942#breadcrumb\",\"itemListElement\":[{\"@type\":\"ListItem\",\"position\":1,\"name\":\"In\u00edcio\",\"item\":\"https:\\\/\\\/cardosolopes.net\\\/\"},{\"@type\":\"ListItem\",\"position\":2,\"name\":\"Conectados em Seguran\u00e7a\"}]},{\"@type\":\"WebSite\",\"@id\":\"https:\\\/\\\/cardosolopes.net\\\/#website\",\"url\":\"https:\\\/\\\/cardosolopes.net\\\/\",\"name\":\"Agrupamento Cardoso Lopes\",\"description\":\"\",\"publisher\":{\"@id\":\"https:\\\/\\\/cardosolopes.net\\\/#organization\"},\"potentialAction\":[{\"@type\":\"SearchAction\",\"target\":{\"@type\":\"EntryPoint\",\"urlTemplate\":\"https:\\\/\\\/cardosolopes.net\\\/?s={search_term_string}\"},\"query-input\":{\"@type\":\"PropertyValueSpecification\",\"valueRequired\":true,\"valueName\":\"search_term_string\"}}],\"inLanguage\":\"pt-PT\"},{\"@type\":\"Organization\",\"@id\":\"https:\\\/\\\/cardosolopes.net\\\/#organization\",\"name\":\"Agrupamento Cardoso Lopes\",\"url\":\"https:\\\/\\\/cardosolopes.net\\\/\",\"logo\":{\"@type\":\"ImageObject\",\"inLanguage\":\"pt-PT\",\"@id\":\"https:\\\/\\\/cardosolopes.net\\\/#\\\/schema\\\/logo\\\/image\\\/\",\"url\":\"https:\\\/\\\/cardosolopes.net\\\/wp-content\\\/uploads\\\/2025\\\/02\\\/cropped-12.jpg\",\"contentUrl\":\"https:\\\/\\\/cardosolopes.net\\\/wp-content\\\/uploads\\\/2025\\\/02\\\/cropped-12.jpg\",\"width\":398,\"height\":354,\"caption\":\"Agrupamento Cardoso Lopes\"},\"image\":{\"@id\":\"https:\\\/\\\/cardosolopes.net\\\/#\\\/schema\\\/logo\\\/image\\\/\"}}]}<\/script>\n<!-- \/ Yoast SEO plugin. -->","yoast_head_json":{"title":"Conectados em Seguran\u00e7a - Agrupamento Cardoso Lopes","robots":{"index":"index","follow":"follow","max-snippet":"max-snippet:-1","max-image-preview":"max-image-preview:large","max-video-preview":"max-video-preview:-1"},"canonical":"https:\/\/cardosolopes.net\/?page_id=1942","og_locale":"pt_PT","og_type":"article","og_title":"Conectados em Seguran\u00e7a - Agrupamento Cardoso Lopes","og_description":"T\u00edtulo do Projeto: Conectados em seguran\u00e7a: dentro e fora da escola Resumo do projeto: O projeto conectados em seguran\u00e7a da necessidade de fornecer aos alunos do nosso agrupamento informa\u00e7\u00f5es para que possam agir da melhor forma poss\u00edvel sempre que est\u00e3o conectados \u00e0 Internet, seja dentro ou fora da sala de aula. Nesta atividade foram envolvidos [&hellip;]","og_url":"https:\/\/cardosolopes.net\/?page_id=1942","og_site_name":"Agrupamento Cardoso Lopes","article_modified_time":"2025-06-07T11:10:15+00:00","og_image":[{"width":1024,"height":724,"url":"https:\/\/cardosolopes.net\/wp-content\/uploads\/2025\/05\/capa_conectados_em_seguranca-1024x724.png","type":"image\/png"}],"twitter_card":"summary_large_image","twitter_misc":{"Tempo estimado de leitura":"4 minutos"},"schema":{"@context":"https:\/\/schema.org","@graph":[{"@type":"WebPage","@id":"https:\/\/cardosolopes.net\/?page_id=1942","url":"https:\/\/cardosolopes.net\/?page_id=1942","name":"Conectados em Seguran\u00e7a - Agrupamento Cardoso Lopes","isPartOf":{"@id":"https:\/\/cardosolopes.net\/#website"},"primaryImageOfPage":{"@id":"https:\/\/cardosolopes.net\/?page_id=1942#primaryimage"},"image":{"@id":"https:\/\/cardosolopes.net\/?page_id=1942#primaryimage"},"thumbnailUrl":"https:\/\/cardosolopes.net\/wp-content\/uploads\/2025\/05\/capa_conectados_em_seguranca-1024x724.png","datePublished":"2025-05-16T18:28:47+00:00","dateModified":"2025-06-07T11:10:15+00:00","breadcrumb":{"@id":"https:\/\/cardosolopes.net\/?page_id=1942#breadcrumb"},"inLanguage":"pt-PT","potentialAction":[{"@type":"ReadAction","target":["https:\/\/cardosolopes.net\/?page_id=1942"]}]},{"@type":"ImageObject","inLanguage":"pt-PT","@id":"https:\/\/cardosolopes.net\/?page_id=1942#primaryimage","url":"https:\/\/cardosolopes.net\/wp-content\/uploads\/2025\/05\/capa_conectados_em_seguranca.png","contentUrl":"https:\/\/cardosolopes.net\/wp-content\/uploads\/2025\/05\/capa_conectados_em_seguranca.png","width":2000,"height":1414},{"@type":"BreadcrumbList","@id":"https:\/\/cardosolopes.net\/?page_id=1942#breadcrumb","itemListElement":[{"@type":"ListItem","position":1,"name":"In\u00edcio","item":"https:\/\/cardosolopes.net\/"},{"@type":"ListItem","position":2,"name":"Conectados em Seguran\u00e7a"}]},{"@type":"WebSite","@id":"https:\/\/cardosolopes.net\/#website","url":"https:\/\/cardosolopes.net\/","name":"Agrupamento Cardoso Lopes","description":"","publisher":{"@id":"https:\/\/cardosolopes.net\/#organization"},"potentialAction":[{"@type":"SearchAction","target":{"@type":"EntryPoint","urlTemplate":"https:\/\/cardosolopes.net\/?s={search_term_string}"},"query-input":{"@type":"PropertyValueSpecification","valueRequired":true,"valueName":"search_term_string"}}],"inLanguage":"pt-PT"},{"@type":"Organization","@id":"https:\/\/cardosolopes.net\/#organization","name":"Agrupamento Cardoso Lopes","url":"https:\/\/cardosolopes.net\/","logo":{"@type":"ImageObject","inLanguage":"pt-PT","@id":"https:\/\/cardosolopes.net\/#\/schema\/logo\/image\/","url":"https:\/\/cardosolopes.net\/wp-content\/uploads\/2025\/02\/cropped-12.jpg","contentUrl":"https:\/\/cardosolopes.net\/wp-content\/uploads\/2025\/02\/cropped-12.jpg","width":398,"height":354,"caption":"Agrupamento Cardoso Lopes"},"image":{"@id":"https:\/\/cardosolopes.net\/#\/schema\/logo\/image\/"}}]}},"_links":{"self":[{"href":"https:\/\/cardosolopes.net\/index.php?rest_route=\/wp\/v2\/pages\/1942","targetHints":{"allow":["GET"]}}],"collection":[{"href":"https:\/\/cardosolopes.net\/index.php?rest_route=\/wp\/v2\/pages"}],"about":[{"href":"https:\/\/cardosolopes.net\/index.php?rest_route=\/wp\/v2\/types\/page"}],"author":[{"embeddable":true,"href":"https:\/\/cardosolopes.net\/index.php?rest_route=\/wp\/v2\/users\/3"}],"replies":[{"embeddable":true,"href":"https:\/\/cardosolopes.net\/index.php?rest_route=%2Fwp%2Fv2%2Fcomments&post=1942"}],"version-history":[{"count":10,"href":"https:\/\/cardosolopes.net\/index.php?rest_route=\/wp\/v2\/pages\/1942\/revisions"}],"predecessor-version":[{"id":2376,"href":"https:\/\/cardosolopes.net\/index.php?rest_route=\/wp\/v2\/pages\/1942\/revisions\/2376"}],"wp:attachment":[{"href":"https:\/\/cardosolopes.net\/index.php?rest_route=%2Fwp%2Fv2%2Fmedia&parent=1942"}],"curies":[{"name":"wp","href":"https:\/\/api.w.org\/{rel}","templated":true}]}}