{"id":351,"date":"2025-02-21T22:16:55","date_gmt":"2025-02-21T22:16:55","guid":{"rendered":"https:\/\/cardosolopes.net\/?page_id=351"},"modified":"2025-02-22T02:32:11","modified_gmt":"2025-02-22T02:32:11","slug":"patrono","status":"publish","type":"page","link":"https:\/\/cardosolopes.net\/?page_id=351","title":{"rendered":"Patrono"},"content":{"rendered":"\n<div class=\"wp-block-media-text is-stacked-on-mobile\"><figure class=\"wp-block-media-text__media\"><img  title=\"\" loading=\"lazy\" decoding=\"async\" width=\"260\" height=\"360\" src=\"https:\/\/cardosolopes.net\/wp-content\/uploads\/2025\/02\/antonio_cardoso_lopes.jpg\"  alt=\"antonio_cardoso_lopes Patrono\"  class=\"wp-image-584 size-full\" srcset=\"https:\/\/cardosolopes.net\/wp-content\/uploads\/2025\/02\/antonio_cardoso_lopes.jpg 260w, https:\/\/cardosolopes.net\/wp-content\/uploads\/2025\/02\/antonio_cardoso_lopes-217x300.jpg 217w\" sizes=\"auto, (max-width: 260px) 100vw, 260px\" \/><\/figure><div class=\"wp-block-media-text__content\">\n<p>Ant\u00f3nio Cardoso Lopes foi uma figura determinante na hist\u00f3ria da Amadora, cuja vis\u00e3o e dedica\u00e7\u00e3o deixaram um legado marcante na regi\u00e3o. Nascido em Salvaterra de Magos, em 1864, foi um homem que sempre acreditou no potencial das suas ideias e no poder da a\u00e7\u00e3o para transformar a realidade \u00e0 sua volta. Em 1906, mudou-se para a Amadora, onde se tornaria uma das personalidades mais influentes da localidade. Foi um dos grandes impulsionadores do movimento que lutou pela atribui\u00e7\u00e3o do nome de Amadora \u00e0 ent\u00e3o freguesia de Oeiras, uma mudan\u00e7a que visava dar \u00e0 cidade a identidade e o reconhecimento que ela merecia, tendo sido, assim, um precursor da moderniza\u00e7\u00e3o e do desenvolvimento urbano da regi\u00e3o.<\/p>\n<\/div><\/div>\n\n\n\n<p>Como empres\u00e1rio ligado \u00e0 urbaniza\u00e7\u00e3o do Bairro da Mina, Ant\u00f3nio Cardoso Lopes teve um papel fundamental na constru\u00e7\u00e3o de parte da Amadora que conhecemos hoje, com o seu trabalho ajudando a moldar a cidade. Mas a sua contribui\u00e7\u00e3o n\u00e3o se limitou \u00e0 \u00e1rea da urbaniza\u00e7\u00e3o. Esteve tamb\u00e9m intimamente ligado \u00e0 escolha da Amadora para sede do Grupo Esquadrilhas da Avia\u00e7\u00e3o da Rep\u00fablica, um movimento que teve grande import\u00e2ncia hist\u00f3rica, n\u00e3o s\u00f3 para a cidade, mas tamb\u00e9m para o pa\u00eds. O seu envolvimento neste processo foi mais um reflexo do seu esp\u00edrito vision\u00e1rio e da sua capacidade de identificar e apoiar iniciativas que iriam ter um impacto positivo no futuro da comunidade.<\/p>\n\n\n\n<p>Al\u00e9m disso, Ant\u00f3nio Cardoso Lopes tamb\u00e9m se destacou pela sua atua\u00e7\u00e3o pol\u00edtica, tendo sido vereador da C\u00e2mara Municipal de Oeiras, na \u00e9poca respons\u00e1vel pela administra\u00e7\u00e3o da Amadora. Durante o seu tempo de mandato, contribuiu para o desenvolvimento da regi\u00e3o, defendendo os interesses da popula\u00e7\u00e3o e trabalhando para que a Amadora fosse reconhecida como um local de progresso e bem-estar. A sua postura de l\u00edder, sempre em busca de melhorias para a sua cidade, \u00e9 um exemplo da sua determina\u00e7\u00e3o e do seu compromisso com o bem comum.<\/p>\n\n\n\n<p>Faleceu aos 80 anos, a 30 de julho de 1944, mas o seu legado permanece vivo at\u00e9 hoje. Ant\u00f3nio Cardoso Lopes n\u00e3o s\u00f3 ajudou a moldar a Amadora como a conhecemos, mas tamb\u00e9m inspirou gera\u00e7\u00f5es de cidad\u00e3os a acreditarem no poder da a\u00e7\u00e3o e da transforma\u00e7\u00e3o. O seu percurso de vida \u00e9 uma verdadeira li\u00e7\u00e3o de perseveran\u00e7a, dedica\u00e7\u00e3o e paix\u00e3o pelo que se faz. A sua hist\u00f3ria \u00e9 um testemunho de que, com trabalho \u00e1rduo, vis\u00e3o e comprometimento, \u00e9 poss\u00edvel alcan\u00e7ar grandes feitos e deixar uma marca indel\u00e9vel na hist\u00f3ria de uma comunidade.<\/p>\n\n\n\n<p>Hoje, a cidade da Amadora lembra com respeito e gratid\u00e3o o nome de Ant\u00f3nio Cardoso Lopes, n\u00e3o s\u00f3 pela sua contribui\u00e7\u00e3o para o desenvolvimento urbano e pol\u00edtico, mas tamb\u00e9m pela sua capacidade de inspirar outros a fazerem a diferen\u00e7a. O seu exemplo continua a ser uma fonte de motiva\u00e7\u00e3o para todos aqueles que acreditam na import\u00e2ncia do trabalho em prol do bem coletivo e na for\u00e7a de uma vis\u00e3o que antecipa o futuro.<\/p>\n","protected":false},"excerpt":{"rendered":"<p>Ant\u00f3nio Cardoso Lopes foi uma figura determinante na hist\u00f3ria da Amadora, cuja vis\u00e3o e dedica\u00e7\u00e3o deixaram um legado marcante na regi\u00e3o. Nascido em Salvaterra de Magos, em 1864, foi um homem que sempre acreditou no potencial das suas ideias e no poder da a\u00e7\u00e3o para transformar a realidade \u00e0 sua volta. Em 1906, mudou-se para [&hellip;]<\/p>\n","protected":false},"author":3,"featured_media":0,"parent":0,"menu_order":0,"comment_status":"closed","ping_status":"closed","template":"","meta":{"footnotes":""},"class_list":["post-351","page","type-page","status-publish","hentry"],"yoast_head":"<!-- This site is optimized with the Yoast SEO plugin v27.5 - https:\/\/yoast.com\/product\/yoast-seo-wordpress\/ -->\n<title>Patrono - Agrupamento Cardoso Lopes<\/title>\n<meta name=\"robots\" content=\"index, follow, max-snippet:-1, max-image-preview:large, max-video-preview:-1\" \/>\n<link rel=\"canonical\" href=\"https:\/\/cardosolopes.net\/?page_id=351\" \/>\n<meta property=\"og:locale\" content=\"pt_PT\" \/>\n<meta property=\"og:type\" content=\"article\" \/>\n<meta property=\"og:title\" content=\"Patrono - Agrupamento Cardoso Lopes\" \/>\n<meta property=\"og:description\" content=\"Ant\u00f3nio Cardoso Lopes foi uma figura determinante na hist\u00f3ria da Amadora, cuja vis\u00e3o e dedica\u00e7\u00e3o deixaram um legado marcante na regi\u00e3o. Nascido em Salvaterra de Magos, em 1864, foi um homem que sempre acreditou no potencial das suas ideias e no poder da a\u00e7\u00e3o para transformar a realidade \u00e0 sua volta. Em 1906, mudou-se para [&hellip;]\" \/>\n<meta property=\"og:url\" content=\"https:\/\/cardosolopes.net\/?page_id=351\" \/>\n<meta property=\"og:site_name\" content=\"Agrupamento Cardoso Lopes\" \/>\n<meta property=\"article:modified_time\" content=\"2025-02-22T02:32:11+00:00\" \/>\n<meta property=\"og:image\" content=\"https:\/\/cardosolopes.net\/wp-content\/uploads\/2025\/02\/antonio_cardoso_lopes.jpg\" \/>\n\t<meta property=\"og:image:width\" content=\"260\" \/>\n\t<meta property=\"og:image:height\" content=\"360\" \/>\n\t<meta property=\"og:image:type\" content=\"image\/jpeg\" \/>\n<meta name=\"twitter:card\" content=\"summary_large_image\" \/>\n<meta name=\"twitter:label1\" content=\"Tempo estimado de leitura\" \/>\n\t<meta name=\"twitter:data1\" content=\"3 minutos\" \/>\n<script type=\"application\/ld+json\" class=\"yoast-schema-graph\">{\"@context\":\"https:\\\/\\\/schema.org\",\"@graph\":[{\"@type\":\"WebPage\",\"@id\":\"https:\\\/\\\/cardosolopes.net\\\/?page_id=351\",\"url\":\"https:\\\/\\\/cardosolopes.net\\\/?page_id=351\",\"name\":\"Patrono - Agrupamento Cardoso Lopes\",\"isPartOf\":{\"@id\":\"https:\\\/\\\/cardosolopes.net\\\/#website\"},\"primaryImageOfPage\":{\"@id\":\"https:\\\/\\\/cardosolopes.net\\\/?page_id=351#primaryimage\"},\"image\":{\"@id\":\"https:\\\/\\\/cardosolopes.net\\\/?page_id=351#primaryimage\"},\"thumbnailUrl\":\"https:\\\/\\\/cardosolopes.net\\\/wp-content\\\/uploads\\\/2025\\\/02\\\/antonio_cardoso_lopes.jpg\",\"datePublished\":\"2025-02-21T22:16:55+00:00\",\"dateModified\":\"2025-02-22T02:32:11+00:00\",\"breadcrumb\":{\"@id\":\"https:\\\/\\\/cardosolopes.net\\\/?page_id=351#breadcrumb\"},\"inLanguage\":\"pt-PT\",\"potentialAction\":[{\"@type\":\"ReadAction\",\"target\":[\"https:\\\/\\\/cardosolopes.net\\\/?page_id=351\"]}]},{\"@type\":\"ImageObject\",\"inLanguage\":\"pt-PT\",\"@id\":\"https:\\\/\\\/cardosolopes.net\\\/?page_id=351#primaryimage\",\"url\":\"https:\\\/\\\/cardosolopes.net\\\/wp-content\\\/uploads\\\/2025\\\/02\\\/antonio_cardoso_lopes.jpg\",\"contentUrl\":\"https:\\\/\\\/cardosolopes.net\\\/wp-content\\\/uploads\\\/2025\\\/02\\\/antonio_cardoso_lopes.jpg\",\"width\":260,\"height\":360},{\"@type\":\"BreadcrumbList\",\"@id\":\"https:\\\/\\\/cardosolopes.net\\\/?page_id=351#breadcrumb\",\"itemListElement\":[{\"@type\":\"ListItem\",\"position\":1,\"name\":\"In\u00edcio\",\"item\":\"https:\\\/\\\/cardosolopes.net\\\/\"},{\"@type\":\"ListItem\",\"position\":2,\"name\":\"Patrono\"}]},{\"@type\":\"WebSite\",\"@id\":\"https:\\\/\\\/cardosolopes.net\\\/#website\",\"url\":\"https:\\\/\\\/cardosolopes.net\\\/\",\"name\":\"Agrupamento Cardoso Lopes\",\"description\":\"\",\"publisher\":{\"@id\":\"https:\\\/\\\/cardosolopes.net\\\/#organization\"},\"potentialAction\":[{\"@type\":\"SearchAction\",\"target\":{\"@type\":\"EntryPoint\",\"urlTemplate\":\"https:\\\/\\\/cardosolopes.net\\\/?s={search_term_string}\"},\"query-input\":{\"@type\":\"PropertyValueSpecification\",\"valueRequired\":true,\"valueName\":\"search_term_string\"}}],\"inLanguage\":\"pt-PT\"},{\"@type\":\"Organization\",\"@id\":\"https:\\\/\\\/cardosolopes.net\\\/#organization\",\"name\":\"Agrupamento Cardoso Lopes\",\"url\":\"https:\\\/\\\/cardosolopes.net\\\/\",\"logo\":{\"@type\":\"ImageObject\",\"inLanguage\":\"pt-PT\",\"@id\":\"https:\\\/\\\/cardosolopes.net\\\/#\\\/schema\\\/logo\\\/image\\\/\",\"url\":\"https:\\\/\\\/cardosolopes.net\\\/wp-content\\\/uploads\\\/2025\\\/02\\\/cropped-12.jpg\",\"contentUrl\":\"https:\\\/\\\/cardosolopes.net\\\/wp-content\\\/uploads\\\/2025\\\/02\\\/cropped-12.jpg\",\"width\":398,\"height\":354,\"caption\":\"Agrupamento Cardoso Lopes\"},\"image\":{\"@id\":\"https:\\\/\\\/cardosolopes.net\\\/#\\\/schema\\\/logo\\\/image\\\/\"}}]}<\/script>\n<!-- \/ Yoast SEO plugin. -->","yoast_head_json":{"title":"Patrono - Agrupamento Cardoso Lopes","robots":{"index":"index","follow":"follow","max-snippet":"max-snippet:-1","max-image-preview":"max-image-preview:large","max-video-preview":"max-video-preview:-1"},"canonical":"https:\/\/cardosolopes.net\/?page_id=351","og_locale":"pt_PT","og_type":"article","og_title":"Patrono - Agrupamento Cardoso Lopes","og_description":"Ant\u00f3nio Cardoso Lopes foi uma figura determinante na hist\u00f3ria da Amadora, cuja vis\u00e3o e dedica\u00e7\u00e3o deixaram um legado marcante na regi\u00e3o. Nascido em Salvaterra de Magos, em 1864, foi um homem que sempre acreditou no potencial das suas ideias e no poder da a\u00e7\u00e3o para transformar a realidade \u00e0 sua volta. Em 1906, mudou-se para [&hellip;]","og_url":"https:\/\/cardosolopes.net\/?page_id=351","og_site_name":"Agrupamento Cardoso Lopes","article_modified_time":"2025-02-22T02:32:11+00:00","og_image":[{"width":260,"height":360,"url":"https:\/\/cardosolopes.net\/wp-content\/uploads\/2025\/02\/antonio_cardoso_lopes.jpg","type":"image\/jpeg"}],"twitter_card":"summary_large_image","twitter_misc":{"Tempo estimado de leitura":"3 minutos"},"schema":{"@context":"https:\/\/schema.org","@graph":[{"@type":"WebPage","@id":"https:\/\/cardosolopes.net\/?page_id=351","url":"https:\/\/cardosolopes.net\/?page_id=351","name":"Patrono - Agrupamento Cardoso Lopes","isPartOf":{"@id":"https:\/\/cardosolopes.net\/#website"},"primaryImageOfPage":{"@id":"https:\/\/cardosolopes.net\/?page_id=351#primaryimage"},"image":{"@id":"https:\/\/cardosolopes.net\/?page_id=351#primaryimage"},"thumbnailUrl":"https:\/\/cardosolopes.net\/wp-content\/uploads\/2025\/02\/antonio_cardoso_lopes.jpg","datePublished":"2025-02-21T22:16:55+00:00","dateModified":"2025-02-22T02:32:11+00:00","breadcrumb":{"@id":"https:\/\/cardosolopes.net\/?page_id=351#breadcrumb"},"inLanguage":"pt-PT","potentialAction":[{"@type":"ReadAction","target":["https:\/\/cardosolopes.net\/?page_id=351"]}]},{"@type":"ImageObject","inLanguage":"pt-PT","@id":"https:\/\/cardosolopes.net\/?page_id=351#primaryimage","url":"https:\/\/cardosolopes.net\/wp-content\/uploads\/2025\/02\/antonio_cardoso_lopes.jpg","contentUrl":"https:\/\/cardosolopes.net\/wp-content\/uploads\/2025\/02\/antonio_cardoso_lopes.jpg","width":260,"height":360},{"@type":"BreadcrumbList","@id":"https:\/\/cardosolopes.net\/?page_id=351#breadcrumb","itemListElement":[{"@type":"ListItem","position":1,"name":"In\u00edcio","item":"https:\/\/cardosolopes.net\/"},{"@type":"ListItem","position":2,"name":"Patrono"}]},{"@type":"WebSite","@id":"https:\/\/cardosolopes.net\/#website","url":"https:\/\/cardosolopes.net\/","name":"Agrupamento Cardoso Lopes","description":"","publisher":{"@id":"https:\/\/cardosolopes.net\/#organization"},"potentialAction":[{"@type":"SearchAction","target":{"@type":"EntryPoint","urlTemplate":"https:\/\/cardosolopes.net\/?s={search_term_string}"},"query-input":{"@type":"PropertyValueSpecification","valueRequired":true,"valueName":"search_term_string"}}],"inLanguage":"pt-PT"},{"@type":"Organization","@id":"https:\/\/cardosolopes.net\/#organization","name":"Agrupamento Cardoso Lopes","url":"https:\/\/cardosolopes.net\/","logo":{"@type":"ImageObject","inLanguage":"pt-PT","@id":"https:\/\/cardosolopes.net\/#\/schema\/logo\/image\/","url":"https:\/\/cardosolopes.net\/wp-content\/uploads\/2025\/02\/cropped-12.jpg","contentUrl":"https:\/\/cardosolopes.net\/wp-content\/uploads\/2025\/02\/cropped-12.jpg","width":398,"height":354,"caption":"Agrupamento Cardoso Lopes"},"image":{"@id":"https:\/\/cardosolopes.net\/#\/schema\/logo\/image\/"}}]}},"_links":{"self":[{"href":"https:\/\/cardosolopes.net\/index.php?rest_route=\/wp\/v2\/pages\/351","targetHints":{"allow":["GET"]}}],"collection":[{"href":"https:\/\/cardosolopes.net\/index.php?rest_route=\/wp\/v2\/pages"}],"about":[{"href":"https:\/\/cardosolopes.net\/index.php?rest_route=\/wp\/v2\/types\/page"}],"author":[{"embeddable":true,"href":"https:\/\/cardosolopes.net\/index.php?rest_route=\/wp\/v2\/users\/3"}],"replies":[{"embeddable":true,"href":"https:\/\/cardosolopes.net\/index.php?rest_route=%2Fwp%2Fv2%2Fcomments&post=351"}],"version-history":[{"count":3,"href":"https:\/\/cardosolopes.net\/index.php?rest_route=\/wp\/v2\/pages\/351\/revisions"}],"predecessor-version":[{"id":585,"href":"https:\/\/cardosolopes.net\/index.php?rest_route=\/wp\/v2\/pages\/351\/revisions\/585"}],"wp:attachment":[{"href":"https:\/\/cardosolopes.net\/index.php?rest_route=%2Fwp%2Fv2%2Fmedia&parent=351"}],"curies":[{"name":"wp","href":"https:\/\/api.w.org\/{rel}","templated":true}]}}