{"id":355,"date":"2025-02-21T22:17:31","date_gmt":"2025-02-21T22:17:31","guid":{"rendered":"https:\/\/cardosolopes.net\/?page_id=355"},"modified":"2025-02-23T23:23:10","modified_gmt":"2025-02-23T23:23:10","slug":"historia","status":"publish","type":"page","link":"https:\/\/cardosolopes.net\/?page_id=355","title":{"rendered":"Hist\u00f3ria"},"content":{"rendered":"\n<p>O Agrupamento de Escolas Cardoso Lopes tem uma hist\u00f3ria marcada pela dedica\u00e7\u00e3o ao ensino e ao desenvolvimento integral dos seus alunos. Fundado com o objetivo de proporcionar uma educa\u00e7\u00e3o de qualidade, tem sido um pilar fundamental na forma\u00e7\u00e3o de gera\u00e7\u00f5es de jovens, promovendo n\u00e3o s\u00f3 o conhecimento acad\u00e9mico, mas tamb\u00e9m valores como a cidadania, a responsabilidade e o respeito.<\/p>\n\n\n\n<figure class=\"wp-block-video\"><video controls src=\"https:\/\/arquivo.tvamadora.pt\/Video\/2024\/2024-03-01 Aniversario Esc Cardoso Lopes.mp4\"><\/video><\/figure>\n\n\n\n<p>Ao longo dos anos, o agrupamento tem evolu\u00eddo, adaptando-se \u00e0s necessidades de uma sociedade em constante mudan\u00e7a, sempre com foco na inova\u00e7\u00e3o pedag\u00f3gica e na inclus\u00e3o de todos. O nome &#8220;Cardoso Lopes&#8221;, que remonta a uma figura hist\u00f3rica de grande import\u00e2ncia, simboliza o compromisso com a excel\u00eancia e o servi\u00e7o \u00e0 comunidade educativa.<\/p>\n\n\n\n<p>O percurso do Agrupamento de Escolas Cardoso Lopes \u00e9 um exemplo claro de como a perseveran\u00e7a, o trabalho em equipa e o esp\u00edrito de comunidade podem transformar a educa\u00e7\u00e3o e a vida de todos os que por ali passam. Com uma equipa dedicada de professores, funcion\u00e1rios e colaboradores, tem sido poss\u00edvel criar um ambiente de aprendizagem que estimula a curiosidade, a criatividade e o pensamento cr\u00edtico.<\/p>\n\n\n\n<p>Cada passo dado por este agrupamento \u00e9 uma demonstra\u00e7\u00e3o de que, com esfor\u00e7o coletivo e uma vis\u00e3o comum, \u00e9 poss\u00edvel fazer a diferen\u00e7a na forma\u00e7\u00e3o dos jovens. O Agrupamento de Escolas Cardoso Lopes n\u00e3o \u00e9 apenas um espa\u00e7o de ensino, mas um lugar onde se cultivam sonhos, se tra\u00e7am objetivos e se constroem futuros mais brilhantes.<\/p>\n","protected":false},"excerpt":{"rendered":"<p>O Agrupamento de Escolas Cardoso Lopes tem uma hist\u00f3ria marcada pela dedica\u00e7\u00e3o ao ensino e ao desenvolvimento integral dos seus alunos. Fundado com o objetivo de proporcionar uma educa\u00e7\u00e3o de qualidade, tem sido um pilar fundamental na forma\u00e7\u00e3o de gera\u00e7\u00f5es de jovens, promovendo n\u00e3o s\u00f3 o conhecimento acad\u00e9mico, mas tamb\u00e9m valores como a cidadania, a [&hellip;]<\/p>\n","protected":false},"author":3,"featured_media":593,"parent":0,"menu_order":0,"comment_status":"closed","ping_status":"closed","template":"","meta":{"footnotes":""},"class_list":["post-355","page","type-page","status-publish","has-post-thumbnail","hentry"],"yoast_head":"<!-- This site is optimized with the Yoast SEO plugin v27.5 - https:\/\/yoast.com\/product\/yoast-seo-wordpress\/ -->\n<title>Hist\u00f3ria - Agrupamento Cardoso Lopes<\/title>\n<meta name=\"robots\" content=\"index, follow, max-snippet:-1, max-image-preview:large, max-video-preview:-1\" \/>\n<link rel=\"canonical\" href=\"https:\/\/cardosolopes.net\/?page_id=355\" \/>\n<meta property=\"og:locale\" content=\"pt_PT\" \/>\n<meta property=\"og:type\" content=\"article\" \/>\n<meta property=\"og:title\" content=\"Hist\u00f3ria - Agrupamento Cardoso Lopes\" \/>\n<meta property=\"og:description\" content=\"O Agrupamento de Escolas Cardoso Lopes tem uma hist\u00f3ria marcada pela dedica\u00e7\u00e3o ao ensino e ao desenvolvimento integral dos seus alunos. Fundado com o objetivo de proporcionar uma educa\u00e7\u00e3o de qualidade, tem sido um pilar fundamental na forma\u00e7\u00e3o de gera\u00e7\u00f5es de jovens, promovendo n\u00e3o s\u00f3 o conhecimento acad\u00e9mico, mas tamb\u00e9m valores como a cidadania, a [&hellip;]\" \/>\n<meta property=\"og:url\" content=\"https:\/\/cardosolopes.net\/?page_id=355\" \/>\n<meta property=\"og:site_name\" content=\"Agrupamento Cardoso Lopes\" \/>\n<meta property=\"article:modified_time\" content=\"2025-02-23T23:23:10+00:00\" \/>\n<meta property=\"og:image\" content=\"https:\/\/cardosolopes.net\/wp-content\/uploads\/2025\/02\/30_anos_agrupamento_cardoso_lopes.jpg\" \/>\n\t<meta property=\"og:image:width\" content=\"362\" \/>\n\t<meta property=\"og:image:height\" content=\"315\" \/>\n\t<meta property=\"og:image:type\" content=\"image\/jpeg\" \/>\n<meta name=\"twitter:card\" content=\"summary_large_image\" \/>\n<meta name=\"twitter:label1\" content=\"Tempo estimado de leitura\" \/>\n\t<meta name=\"twitter:data1\" content=\"2 minutos\" \/>\n<script type=\"application\/ld+json\" class=\"yoast-schema-graph\">{\"@context\":\"https:\\\/\\\/schema.org\",\"@graph\":[{\"@type\":\"WebPage\",\"@id\":\"https:\\\/\\\/cardosolopes.net\\\/?page_id=355\",\"url\":\"https:\\\/\\\/cardosolopes.net\\\/?page_id=355\",\"name\":\"Hist\u00f3ria - Agrupamento Cardoso Lopes\",\"isPartOf\":{\"@id\":\"https:\\\/\\\/cardosolopes.net\\\/#website\"},\"primaryImageOfPage\":{\"@id\":\"https:\\\/\\\/cardosolopes.net\\\/?page_id=355#primaryimage\"},\"image\":{\"@id\":\"https:\\\/\\\/cardosolopes.net\\\/?page_id=355#primaryimage\"},\"thumbnailUrl\":\"https:\\\/\\\/cardosolopes.net\\\/wp-content\\\/uploads\\\/2025\\\/02\\\/30_anos_agrupamento_cardoso_lopes.jpg\",\"datePublished\":\"2025-02-21T22:17:31+00:00\",\"dateModified\":\"2025-02-23T23:23:10+00:00\",\"breadcrumb\":{\"@id\":\"https:\\\/\\\/cardosolopes.net\\\/?page_id=355#breadcrumb\"},\"inLanguage\":\"pt-PT\",\"potentialAction\":[{\"@type\":\"ReadAction\",\"target\":[\"https:\\\/\\\/cardosolopes.net\\\/?page_id=355\"]}]},{\"@type\":\"ImageObject\",\"inLanguage\":\"pt-PT\",\"@id\":\"https:\\\/\\\/cardosolopes.net\\\/?page_id=355#primaryimage\",\"url\":\"https:\\\/\\\/cardosolopes.net\\\/wp-content\\\/uploads\\\/2025\\\/02\\\/30_anos_agrupamento_cardoso_lopes.jpg\",\"contentUrl\":\"https:\\\/\\\/cardosolopes.net\\\/wp-content\\\/uploads\\\/2025\\\/02\\\/30_anos_agrupamento_cardoso_lopes.jpg\",\"width\":362,\"height\":315},{\"@type\":\"BreadcrumbList\",\"@id\":\"https:\\\/\\\/cardosolopes.net\\\/?page_id=355#breadcrumb\",\"itemListElement\":[{\"@type\":\"ListItem\",\"position\":1,\"name\":\"In\u00edcio\",\"item\":\"https:\\\/\\\/cardosolopes.net\\\/\"},{\"@type\":\"ListItem\",\"position\":2,\"name\":\"Hist\u00f3ria\"}]},{\"@type\":\"WebSite\",\"@id\":\"https:\\\/\\\/cardosolopes.net\\\/#website\",\"url\":\"https:\\\/\\\/cardosolopes.net\\\/\",\"name\":\"Agrupamento Cardoso Lopes\",\"description\":\"\",\"publisher\":{\"@id\":\"https:\\\/\\\/cardosolopes.net\\\/#organization\"},\"potentialAction\":[{\"@type\":\"SearchAction\",\"target\":{\"@type\":\"EntryPoint\",\"urlTemplate\":\"https:\\\/\\\/cardosolopes.net\\\/?s={search_term_string}\"},\"query-input\":{\"@type\":\"PropertyValueSpecification\",\"valueRequired\":true,\"valueName\":\"search_term_string\"}}],\"inLanguage\":\"pt-PT\"},{\"@type\":\"Organization\",\"@id\":\"https:\\\/\\\/cardosolopes.net\\\/#organization\",\"name\":\"Agrupamento Cardoso Lopes\",\"url\":\"https:\\\/\\\/cardosolopes.net\\\/\",\"logo\":{\"@type\":\"ImageObject\",\"inLanguage\":\"pt-PT\",\"@id\":\"https:\\\/\\\/cardosolopes.net\\\/#\\\/schema\\\/logo\\\/image\\\/\",\"url\":\"https:\\\/\\\/cardosolopes.net\\\/wp-content\\\/uploads\\\/2025\\\/02\\\/cropped-12.jpg\",\"contentUrl\":\"https:\\\/\\\/cardosolopes.net\\\/wp-content\\\/uploads\\\/2025\\\/02\\\/cropped-12.jpg\",\"width\":398,\"height\":354,\"caption\":\"Agrupamento Cardoso Lopes\"},\"image\":{\"@id\":\"https:\\\/\\\/cardosolopes.net\\\/#\\\/schema\\\/logo\\\/image\\\/\"}}]}<\/script>\n<!-- \/ Yoast SEO plugin. -->","yoast_head_json":{"title":"Hist\u00f3ria - Agrupamento Cardoso Lopes","robots":{"index":"index","follow":"follow","max-snippet":"max-snippet:-1","max-image-preview":"max-image-preview:large","max-video-preview":"max-video-preview:-1"},"canonical":"https:\/\/cardosolopes.net\/?page_id=355","og_locale":"pt_PT","og_type":"article","og_title":"Hist\u00f3ria - Agrupamento Cardoso Lopes","og_description":"O Agrupamento de Escolas Cardoso Lopes tem uma hist\u00f3ria marcada pela dedica\u00e7\u00e3o ao ensino e ao desenvolvimento integral dos seus alunos. Fundado com o objetivo de proporcionar uma educa\u00e7\u00e3o de qualidade, tem sido um pilar fundamental na forma\u00e7\u00e3o de gera\u00e7\u00f5es de jovens, promovendo n\u00e3o s\u00f3 o conhecimento acad\u00e9mico, mas tamb\u00e9m valores como a cidadania, a [&hellip;]","og_url":"https:\/\/cardosolopes.net\/?page_id=355","og_site_name":"Agrupamento Cardoso Lopes","article_modified_time":"2025-02-23T23:23:10+00:00","og_image":[{"width":362,"height":315,"url":"https:\/\/cardosolopes.net\/wp-content\/uploads\/2025\/02\/30_anos_agrupamento_cardoso_lopes.jpg","type":"image\/jpeg"}],"twitter_card":"summary_large_image","twitter_misc":{"Tempo estimado de leitura":"2 minutos"},"schema":{"@context":"https:\/\/schema.org","@graph":[{"@type":"WebPage","@id":"https:\/\/cardosolopes.net\/?page_id=355","url":"https:\/\/cardosolopes.net\/?page_id=355","name":"Hist\u00f3ria - Agrupamento Cardoso Lopes","isPartOf":{"@id":"https:\/\/cardosolopes.net\/#website"},"primaryImageOfPage":{"@id":"https:\/\/cardosolopes.net\/?page_id=355#primaryimage"},"image":{"@id":"https:\/\/cardosolopes.net\/?page_id=355#primaryimage"},"thumbnailUrl":"https:\/\/cardosolopes.net\/wp-content\/uploads\/2025\/02\/30_anos_agrupamento_cardoso_lopes.jpg","datePublished":"2025-02-21T22:17:31+00:00","dateModified":"2025-02-23T23:23:10+00:00","breadcrumb":{"@id":"https:\/\/cardosolopes.net\/?page_id=355#breadcrumb"},"inLanguage":"pt-PT","potentialAction":[{"@type":"ReadAction","target":["https:\/\/cardosolopes.net\/?page_id=355"]}]},{"@type":"ImageObject","inLanguage":"pt-PT","@id":"https:\/\/cardosolopes.net\/?page_id=355#primaryimage","url":"https:\/\/cardosolopes.net\/wp-content\/uploads\/2025\/02\/30_anos_agrupamento_cardoso_lopes.jpg","contentUrl":"https:\/\/cardosolopes.net\/wp-content\/uploads\/2025\/02\/30_anos_agrupamento_cardoso_lopes.jpg","width":362,"height":315},{"@type":"BreadcrumbList","@id":"https:\/\/cardosolopes.net\/?page_id=355#breadcrumb","itemListElement":[{"@type":"ListItem","position":1,"name":"In\u00edcio","item":"https:\/\/cardosolopes.net\/"},{"@type":"ListItem","position":2,"name":"Hist\u00f3ria"}]},{"@type":"WebSite","@id":"https:\/\/cardosolopes.net\/#website","url":"https:\/\/cardosolopes.net\/","name":"Agrupamento Cardoso Lopes","description":"","publisher":{"@id":"https:\/\/cardosolopes.net\/#organization"},"potentialAction":[{"@type":"SearchAction","target":{"@type":"EntryPoint","urlTemplate":"https:\/\/cardosolopes.net\/?s={search_term_string}"},"query-input":{"@type":"PropertyValueSpecification","valueRequired":true,"valueName":"search_term_string"}}],"inLanguage":"pt-PT"},{"@type":"Organization","@id":"https:\/\/cardosolopes.net\/#organization","name":"Agrupamento Cardoso Lopes","url":"https:\/\/cardosolopes.net\/","logo":{"@type":"ImageObject","inLanguage":"pt-PT","@id":"https:\/\/cardosolopes.net\/#\/schema\/logo\/image\/","url":"https:\/\/cardosolopes.net\/wp-content\/uploads\/2025\/02\/cropped-12.jpg","contentUrl":"https:\/\/cardosolopes.net\/wp-content\/uploads\/2025\/02\/cropped-12.jpg","width":398,"height":354,"caption":"Agrupamento Cardoso Lopes"},"image":{"@id":"https:\/\/cardosolopes.net\/#\/schema\/logo\/image\/"}}]}},"_links":{"self":[{"href":"https:\/\/cardosolopes.net\/index.php?rest_route=\/wp\/v2\/pages\/355","targetHints":{"allow":["GET"]}}],"collection":[{"href":"https:\/\/cardosolopes.net\/index.php?rest_route=\/wp\/v2\/pages"}],"about":[{"href":"https:\/\/cardosolopes.net\/index.php?rest_route=\/wp\/v2\/types\/page"}],"author":[{"embeddable":true,"href":"https:\/\/cardosolopes.net\/index.php?rest_route=\/wp\/v2\/users\/3"}],"replies":[{"embeddable":true,"href":"https:\/\/cardosolopes.net\/index.php?rest_route=%2Fwp%2Fv2%2Fcomments&post=355"}],"version-history":[{"count":5,"href":"https:\/\/cardosolopes.net\/index.php?rest_route=\/wp\/v2\/pages\/355\/revisions"}],"predecessor-version":[{"id":594,"href":"https:\/\/cardosolopes.net\/index.php?rest_route=\/wp\/v2\/pages\/355\/revisions\/594"}],"wp:featuredmedia":[{"embeddable":true,"href":"https:\/\/cardosolopes.net\/index.php?rest_route=\/wp\/v2\/media\/593"}],"wp:attachment":[{"href":"https:\/\/cardosolopes.net\/index.php?rest_route=%2Fwp%2Fv2%2Fmedia&parent=355"}],"curies":[{"name":"wp","href":"https:\/\/api.w.org\/{rel}","templated":true}]}}