{"id":359,"date":"2025-02-21T22:17:50","date_gmt":"2025-02-21T22:17:50","guid":{"rendered":"https:\/\/cardosolopes.net\/?page_id=359"},"modified":"2025-02-22T02:43:06","modified_gmt":"2025-02-22T02:43:06","slug":"logotipo","status":"publish","type":"page","link":"https:\/\/cardosolopes.net\/?page_id=359","title":{"rendered":"Log\u00f3tipo"},"content":{"rendered":"\n<figure class=\"wp-block-image size-large is-resized\"><img  title=\"\" loading=\"lazy\" decoding=\"async\" width=\"1024\" height=\"222\" src=\"https:\/\/cardosolopes.net\/wp-content\/uploads\/2025\/02\/2019_logo_agrupamento_qualidade-1024x222.jpg\"  alt=\"2019_logo_agrupamento_qualidade-1024x222 Log\u00f3tipo\"  class=\"wp-image-588\" style=\"width:529px;height:auto\" srcset=\"https:\/\/cardosolopes.net\/wp-content\/uploads\/2025\/02\/2019_logo_agrupamento_qualidade-1024x222.jpg 1024w, https:\/\/cardosolopes.net\/wp-content\/uploads\/2025\/02\/2019_logo_agrupamento_qualidade-300x65.jpg 300w, https:\/\/cardosolopes.net\/wp-content\/uploads\/2025\/02\/2019_logo_agrupamento_qualidade-768x167.jpg 768w, https:\/\/cardosolopes.net\/wp-content\/uploads\/2025\/02\/2019_logo_agrupamento_qualidade-1536x334.jpg 1536w, https:\/\/cardosolopes.net\/wp-content\/uploads\/2025\/02\/2019_logo_agrupamento_qualidade-600x130.jpg 600w, https:\/\/cardosolopes.net\/wp-content\/uploads\/2025\/02\/2019_logo_agrupamento_qualidade.jpg 1809w\" sizes=\"auto, (max-width: 1024px) 100vw, 1024px\" \/><\/figure>\n\n\n\n<p>O log\u00f3tipo do Agrupamento de Escolas Cardoso Lopes \u00e9 mais do que uma imagem, \u00e9 um s\u00edmbolo de identidade e de valores que orientam toda a comunidade educativa. <\/p>\n\n\n\n<figure class=\"wp-block-gallery has-nested-images columns-default is-cropped wp-block-gallery-1 is-layout-flex wp-block-gallery-is-layout-flex\">\n<figure class=\"wp-block-image size-large\"><img  title=\"\" loading=\"lazy\" decoding=\"async\" width=\"1024\" height=\"628\" data-id=\"590\" src=\"https:\/\/cardosolopes.net\/wp-content\/uploads\/2025\/02\/cardoso_lopes_v2-1024x628.png\"  alt=\"cardoso_lopes_v2-1024x628 Log\u00f3tipo\"  class=\"wp-image-590\" srcset=\"https:\/\/cardosolopes.net\/wp-content\/uploads\/2025\/02\/cardoso_lopes_v2-1024x628.png 1024w, https:\/\/cardosolopes.net\/wp-content\/uploads\/2025\/02\/cardoso_lopes_v2-300x184.png 300w, https:\/\/cardosolopes.net\/wp-content\/uploads\/2025\/02\/cardoso_lopes_v2-768x471.png 768w, https:\/\/cardosolopes.net\/wp-content\/uploads\/2025\/02\/cardoso_lopes_v2-1536x941.png 1536w, https:\/\/cardosolopes.net\/wp-content\/uploads\/2025\/02\/cardoso_lopes_v2-600x368.png 600w, https:\/\/cardosolopes.net\/wp-content\/uploads\/2025\/02\/cardoso_lopes_v2.png 1728w\" sizes=\"auto, (max-width: 1024px) 100vw, 1024px\" \/><\/figure>\n\n\n\n<figure class=\"wp-block-image size-large\"><img  title=\"\" loading=\"lazy\" decoding=\"async\" width=\"1024\" height=\"774\" data-id=\"589\" src=\"https:\/\/cardosolopes.net\/wp-content\/uploads\/2025\/02\/2019_logo_agrupamento_qualidade_v2-1024x774.jpg\"  alt=\"2019_logo_agrupamento_qualidade_v2-1024x774 Log\u00f3tipo\"  class=\"wp-image-589\" srcset=\"https:\/\/cardosolopes.net\/wp-content\/uploads\/2025\/02\/2019_logo_agrupamento_qualidade_v2-1024x774.jpg 1024w, https:\/\/cardosolopes.net\/wp-content\/uploads\/2025\/02\/2019_logo_agrupamento_qualidade_v2-300x227.jpg 300w, https:\/\/cardosolopes.net\/wp-content\/uploads\/2025\/02\/2019_logo_agrupamento_qualidade_v2-768x581.jpg 768w, https:\/\/cardosolopes.net\/wp-content\/uploads\/2025\/02\/2019_logo_agrupamento_qualidade_v2-1536x1161.jpg 1536w, https:\/\/cardosolopes.net\/wp-content\/uploads\/2025\/02\/2019_logo_agrupamento_qualidade_v2-2048x1548.jpg 2048w, https:\/\/cardosolopes.net\/wp-content\/uploads\/2025\/02\/2019_logo_agrupamento_qualidade_v2-600x454.jpg 600w\" sizes=\"auto, (max-width: 1024px) 100vw, 1024px\" \/><\/figure>\n<\/figure>\n\n\n\n<p>Representando a uni\u00e3o entre o passado e o futuro, reflete o legado de dedica\u00e7\u00e3o e o compromisso com a excel\u00eancia. Cada linha e cor do log\u00f3tipo transmite a for\u00e7a da educa\u00e7\u00e3o e o esp\u00edrito de supera\u00e7\u00e3o que caracterizam os alunos e profissionais do agrupamento. \u00c9 um emblema de orgulho, que inspira todos a trabalhar em conjunto para alcan\u00e7ar os seus objetivos. <\/p>\n\n\n\n<p>Este log\u00f3tipo \u00e9 a representa\u00e7\u00e3o gr\u00e1fica de um futuro brilhante, constru\u00eddo com esfor\u00e7o e determina\u00e7\u00e3o.<\/p>\n","protected":false},"excerpt":{"rendered":"<p>O log\u00f3tipo do Agrupamento de Escolas Cardoso Lopes \u00e9 mais do que uma imagem, \u00e9 um s\u00edmbolo de identidade e de valores que orientam toda a comunidade educativa. Representando a uni\u00e3o entre o passado e o futuro, reflete o legado de dedica\u00e7\u00e3o e o compromisso com a excel\u00eancia. Cada linha e cor do log\u00f3tipo transmite [&hellip;]<\/p>\n","protected":false},"author":3,"featured_media":0,"parent":0,"menu_order":0,"comment_status":"closed","ping_status":"closed","template":"","meta":{"footnotes":""},"class_list":["post-359","page","type-page","status-publish","hentry"],"yoast_head":"<!-- This site is optimized with the Yoast SEO plugin v27.5 - https:\/\/yoast.com\/product\/yoast-seo-wordpress\/ -->\n<title>Log\u00f3tipo - Agrupamento Cardoso Lopes<\/title>\n<meta name=\"robots\" content=\"index, follow, max-snippet:-1, max-image-preview:large, max-video-preview:-1\" \/>\n<link rel=\"canonical\" href=\"https:\/\/cardosolopes.net\/?page_id=359\" \/>\n<meta property=\"og:locale\" content=\"pt_PT\" \/>\n<meta property=\"og:type\" content=\"article\" \/>\n<meta property=\"og:title\" content=\"Log\u00f3tipo - Agrupamento Cardoso Lopes\" \/>\n<meta property=\"og:description\" content=\"O log\u00f3tipo do Agrupamento de Escolas Cardoso Lopes \u00e9 mais do que uma imagem, \u00e9 um s\u00edmbolo de identidade e de valores que orientam toda a comunidade educativa. Representando a uni\u00e3o entre o passado e o futuro, reflete o legado de dedica\u00e7\u00e3o e o compromisso com a excel\u00eancia. Cada linha e cor do log\u00f3tipo transmite [&hellip;]\" \/>\n<meta property=\"og:url\" content=\"https:\/\/cardosolopes.net\/?page_id=359\" \/>\n<meta property=\"og:site_name\" content=\"Agrupamento Cardoso Lopes\" \/>\n<meta property=\"article:modified_time\" content=\"2025-02-22T02:43:06+00:00\" \/>\n<meta property=\"og:image\" content=\"https:\/\/cardosolopes.net\/wp-content\/uploads\/2025\/02\/2019_logo_agrupamento_qualidade.jpg\" \/>\n\t<meta property=\"og:image:width\" content=\"1809\" \/>\n\t<meta property=\"og:image:height\" content=\"393\" \/>\n\t<meta property=\"og:image:type\" content=\"image\/jpeg\" \/>\n<meta name=\"twitter:card\" content=\"summary_large_image\" \/>\n<meta name=\"twitter:label1\" content=\"Tempo estimado de leitura\" \/>\n\t<meta name=\"twitter:data1\" content=\"2 minutos\" \/>\n<script type=\"application\/ld+json\" class=\"yoast-schema-graph\">{\"@context\":\"https:\\\/\\\/schema.org\",\"@graph\":[{\"@type\":\"WebPage\",\"@id\":\"https:\\\/\\\/cardosolopes.net\\\/?page_id=359\",\"url\":\"https:\\\/\\\/cardosolopes.net\\\/?page_id=359\",\"name\":\"Log\u00f3tipo - Agrupamento Cardoso Lopes\",\"isPartOf\":{\"@id\":\"https:\\\/\\\/cardosolopes.net\\\/#website\"},\"primaryImageOfPage\":{\"@id\":\"https:\\\/\\\/cardosolopes.net\\\/?page_id=359#primaryimage\"},\"image\":{\"@id\":\"https:\\\/\\\/cardosolopes.net\\\/?page_id=359#primaryimage\"},\"thumbnailUrl\":\"https:\\\/\\\/cardosolopes.net\\\/wp-content\\\/uploads\\\/2025\\\/02\\\/2019_logo_agrupamento_qualidade-1024x222.jpg\",\"datePublished\":\"2025-02-21T22:17:50+00:00\",\"dateModified\":\"2025-02-22T02:43:06+00:00\",\"breadcrumb\":{\"@id\":\"https:\\\/\\\/cardosolopes.net\\\/?page_id=359#breadcrumb\"},\"inLanguage\":\"pt-PT\",\"potentialAction\":[{\"@type\":\"ReadAction\",\"target\":[\"https:\\\/\\\/cardosolopes.net\\\/?page_id=359\"]}]},{\"@type\":\"ImageObject\",\"inLanguage\":\"pt-PT\",\"@id\":\"https:\\\/\\\/cardosolopes.net\\\/?page_id=359#primaryimage\",\"url\":\"https:\\\/\\\/cardosolopes.net\\\/wp-content\\\/uploads\\\/2025\\\/02\\\/2019_logo_agrupamento_qualidade.jpg\",\"contentUrl\":\"https:\\\/\\\/cardosolopes.net\\\/wp-content\\\/uploads\\\/2025\\\/02\\\/2019_logo_agrupamento_qualidade.jpg\",\"width\":1809,\"height\":393},{\"@type\":\"BreadcrumbList\",\"@id\":\"https:\\\/\\\/cardosolopes.net\\\/?page_id=359#breadcrumb\",\"itemListElement\":[{\"@type\":\"ListItem\",\"position\":1,\"name\":\"In\u00edcio\",\"item\":\"https:\\\/\\\/cardosolopes.net\\\/\"},{\"@type\":\"ListItem\",\"position\":2,\"name\":\"Log\u00f3tipo\"}]},{\"@type\":\"WebSite\",\"@id\":\"https:\\\/\\\/cardosolopes.net\\\/#website\",\"url\":\"https:\\\/\\\/cardosolopes.net\\\/\",\"name\":\"Agrupamento Cardoso Lopes\",\"description\":\"\",\"publisher\":{\"@id\":\"https:\\\/\\\/cardosolopes.net\\\/#organization\"},\"potentialAction\":[{\"@type\":\"SearchAction\",\"target\":{\"@type\":\"EntryPoint\",\"urlTemplate\":\"https:\\\/\\\/cardosolopes.net\\\/?s={search_term_string}\"},\"query-input\":{\"@type\":\"PropertyValueSpecification\",\"valueRequired\":true,\"valueName\":\"search_term_string\"}}],\"inLanguage\":\"pt-PT\"},{\"@type\":\"Organization\",\"@id\":\"https:\\\/\\\/cardosolopes.net\\\/#organization\",\"name\":\"Agrupamento Cardoso Lopes\",\"url\":\"https:\\\/\\\/cardosolopes.net\\\/\",\"logo\":{\"@type\":\"ImageObject\",\"inLanguage\":\"pt-PT\",\"@id\":\"https:\\\/\\\/cardosolopes.net\\\/#\\\/schema\\\/logo\\\/image\\\/\",\"url\":\"https:\\\/\\\/cardosolopes.net\\\/wp-content\\\/uploads\\\/2025\\\/02\\\/cropped-12.jpg\",\"contentUrl\":\"https:\\\/\\\/cardosolopes.net\\\/wp-content\\\/uploads\\\/2025\\\/02\\\/cropped-12.jpg\",\"width\":398,\"height\":354,\"caption\":\"Agrupamento Cardoso Lopes\"},\"image\":{\"@id\":\"https:\\\/\\\/cardosolopes.net\\\/#\\\/schema\\\/logo\\\/image\\\/\"}}]}<\/script>\n<!-- \/ Yoast SEO plugin. -->","yoast_head_json":{"title":"Log\u00f3tipo - Agrupamento Cardoso Lopes","robots":{"index":"index","follow":"follow","max-snippet":"max-snippet:-1","max-image-preview":"max-image-preview:large","max-video-preview":"max-video-preview:-1"},"canonical":"https:\/\/cardosolopes.net\/?page_id=359","og_locale":"pt_PT","og_type":"article","og_title":"Log\u00f3tipo - Agrupamento Cardoso Lopes","og_description":"O log\u00f3tipo do Agrupamento de Escolas Cardoso Lopes \u00e9 mais do que uma imagem, \u00e9 um s\u00edmbolo de identidade e de valores que orientam toda a comunidade educativa. Representando a uni\u00e3o entre o passado e o futuro, reflete o legado de dedica\u00e7\u00e3o e o compromisso com a excel\u00eancia. Cada linha e cor do log\u00f3tipo transmite [&hellip;]","og_url":"https:\/\/cardosolopes.net\/?page_id=359","og_site_name":"Agrupamento Cardoso Lopes","article_modified_time":"2025-02-22T02:43:06+00:00","og_image":[{"width":1809,"height":393,"url":"https:\/\/cardosolopes.net\/wp-content\/uploads\/2025\/02\/2019_logo_agrupamento_qualidade.jpg","type":"image\/jpeg"}],"twitter_card":"summary_large_image","twitter_misc":{"Tempo estimado de leitura":"2 minutos"},"schema":{"@context":"https:\/\/schema.org","@graph":[{"@type":"WebPage","@id":"https:\/\/cardosolopes.net\/?page_id=359","url":"https:\/\/cardosolopes.net\/?page_id=359","name":"Log\u00f3tipo - Agrupamento Cardoso Lopes","isPartOf":{"@id":"https:\/\/cardosolopes.net\/#website"},"primaryImageOfPage":{"@id":"https:\/\/cardosolopes.net\/?page_id=359#primaryimage"},"image":{"@id":"https:\/\/cardosolopes.net\/?page_id=359#primaryimage"},"thumbnailUrl":"https:\/\/cardosolopes.net\/wp-content\/uploads\/2025\/02\/2019_logo_agrupamento_qualidade-1024x222.jpg","datePublished":"2025-02-21T22:17:50+00:00","dateModified":"2025-02-22T02:43:06+00:00","breadcrumb":{"@id":"https:\/\/cardosolopes.net\/?page_id=359#breadcrumb"},"inLanguage":"pt-PT","potentialAction":[{"@type":"ReadAction","target":["https:\/\/cardosolopes.net\/?page_id=359"]}]},{"@type":"ImageObject","inLanguage":"pt-PT","@id":"https:\/\/cardosolopes.net\/?page_id=359#primaryimage","url":"https:\/\/cardosolopes.net\/wp-content\/uploads\/2025\/02\/2019_logo_agrupamento_qualidade.jpg","contentUrl":"https:\/\/cardosolopes.net\/wp-content\/uploads\/2025\/02\/2019_logo_agrupamento_qualidade.jpg","width":1809,"height":393},{"@type":"BreadcrumbList","@id":"https:\/\/cardosolopes.net\/?page_id=359#breadcrumb","itemListElement":[{"@type":"ListItem","position":1,"name":"In\u00edcio","item":"https:\/\/cardosolopes.net\/"},{"@type":"ListItem","position":2,"name":"Log\u00f3tipo"}]},{"@type":"WebSite","@id":"https:\/\/cardosolopes.net\/#website","url":"https:\/\/cardosolopes.net\/","name":"Agrupamento Cardoso Lopes","description":"","publisher":{"@id":"https:\/\/cardosolopes.net\/#organization"},"potentialAction":[{"@type":"SearchAction","target":{"@type":"EntryPoint","urlTemplate":"https:\/\/cardosolopes.net\/?s={search_term_string}"},"query-input":{"@type":"PropertyValueSpecification","valueRequired":true,"valueName":"search_term_string"}}],"inLanguage":"pt-PT"},{"@type":"Organization","@id":"https:\/\/cardosolopes.net\/#organization","name":"Agrupamento Cardoso Lopes","url":"https:\/\/cardosolopes.net\/","logo":{"@type":"ImageObject","inLanguage":"pt-PT","@id":"https:\/\/cardosolopes.net\/#\/schema\/logo\/image\/","url":"https:\/\/cardosolopes.net\/wp-content\/uploads\/2025\/02\/cropped-12.jpg","contentUrl":"https:\/\/cardosolopes.net\/wp-content\/uploads\/2025\/02\/cropped-12.jpg","width":398,"height":354,"caption":"Agrupamento Cardoso Lopes"},"image":{"@id":"https:\/\/cardosolopes.net\/#\/schema\/logo\/image\/"}}]}},"_links":{"self":[{"href":"https:\/\/cardosolopes.net\/index.php?rest_route=\/wp\/v2\/pages\/359","targetHints":{"allow":["GET"]}}],"collection":[{"href":"https:\/\/cardosolopes.net\/index.php?rest_route=\/wp\/v2\/pages"}],"about":[{"href":"https:\/\/cardosolopes.net\/index.php?rest_route=\/wp\/v2\/types\/page"}],"author":[{"embeddable":true,"href":"https:\/\/cardosolopes.net\/index.php?rest_route=\/wp\/v2\/users\/3"}],"replies":[{"embeddable":true,"href":"https:\/\/cardosolopes.net\/index.php?rest_route=%2Fwp%2Fv2%2Fcomments&post=359"}],"version-history":[{"count":2,"href":"https:\/\/cardosolopes.net\/index.php?rest_route=\/wp\/v2\/pages\/359\/revisions"}],"predecessor-version":[{"id":591,"href":"https:\/\/cardosolopes.net\/index.php?rest_route=\/wp\/v2\/pages\/359\/revisions\/591"}],"wp:attachment":[{"href":"https:\/\/cardosolopes.net\/index.php?rest_route=%2Fwp%2Fv2%2Fmedia&parent=359"}],"curies":[{"name":"wp","href":"https:\/\/api.w.org\/{rel}","templated":true}]}}