{"id":404,"date":"2025-02-21T22:29:04","date_gmt":"2025-02-21T22:29:04","guid":{"rendered":"https:\/\/cardosolopes.net\/?page_id=404"},"modified":"2025-04-20T10:15:10","modified_gmt":"2025-04-20T10:15:10","slug":"bibliotecas","status":"publish","type":"page","link":"https:\/\/cardosolopes.net\/?page_id=404","title":{"rendered":"Bibliotecas"},"content":{"rendered":"\n<!-- Carregar o SDK do Facebook -->\n<div id=\"fb-root\"><\/div>\n<script async defer src=\"https:\/\/connect.facebook.net\/pt_BR\/sdk.js#xfbml=1&#038;version=v12.0\"><\/script>\n\n<!-- Exibir o Plugin da P\u00e1gina -->\n<div class=\"fb-page\" \n    data-href=\"https:\/\/www.facebook.com\/biblioteca.lopes\" \n    data-tabs=\"timeline\" \n    data-width=\"500\" \n    data-height=\"600\" \n    data-small-header=\"false\" \n    data-adapt-container-width=\"true\" \n    data-hide-cover=\"false\" \n    data-show-facepile=\"true\">\n<\/div>\n\n\n\n<p>As Bibliotecas do Agrupamento de Escolas Cardoso Lopes s\u00e3o verdadeiros centro de saber, onde o conhecimento se torna acess\u00edvel a todos e o prazer pela leitura \u00e9 cultivado diariamente. Mais do que um espa\u00e7o de consulta, cada biblioteca \u00e9 um ambiente de crescimento, reflex\u00e3o e criatividade, onde os alunos t\u00eam a oportunidade de explorar novos mundos e expandir os seus horizontes. Atrav\u00e9s de uma vasta sele\u00e7\u00e3o de livros, recursos digitais e atividades de promo\u00e7\u00e3o da leitura, a biblioteca oferece as ferramentas necess\u00e1rias para que os estudantes desenvolvam as suas compet\u00eancias, tanto na \u00e1rea acad\u00e9mica como no desenvolvimento pessoal.<\/p>\n\n\n\n<p>Com o apoio de uma equipa dedicada, que orienta e motiva os alunos a aproveitarem ao m\u00e1ximo este espa\u00e7o, a biblioteca torna-se uma extens\u00e3o da sala de aula, onde as ideias podem ser exploradas sem limites. O incentivo \u00e0 pesquisa, \u00e0 escrita criativa e \u00e0 partilha de ideias contribui para um ambiente din\u00e2mico e inspirador, que estimula o pensamento cr\u00edtico e a autonomia dos alunos.<\/p>\n\n\n\n<p>A biblioteca tamb\u00e9m \u00e9 um local de reflex\u00e3o e de tranquilidade, proporcionando aos estudantes um espa\u00e7o para se concentrar, estudar e desenvolver a sua curiosidade. Ao visitar a biblioteca, cada aluno \u00e9 convidado a descobrir algo novo, a criar projetos e a encontrar solu\u00e7\u00f5es para os seus desafios, refor\u00e7ando a import\u00e2ncia da aprendizagem cont\u00ednua. \u00c9 um espa\u00e7o que valoriza a diversidade de ideias e promove a inclus\u00e3o, sendo uma parte fundamental da forma\u00e7\u00e3o integral de todos os que frequentam o Agrupamento de Escolas Cardoso Lopes.<\/p>\n\n\n\n<div data-wp-interactive=\"core\/file\" class=\"wp-block-file\"><object data-wp-bind--hidden=\"!state.hasPdfPreview\" hidden class=\"wp-block-file__embed\" data=\"https:\/\/cardosolopes.net\/wp-content\/uploads\/2025\/04\/Plano_anual_atividades_Biblioteca_Escolar_24_25.pdf\" type=\"application\/pdf\" style=\"width:100%;height:800px\" aria-label=\"Incorpora\u00e7\u00e3o de Plano_anual_atividades_Biblioteca_Escolar_24_25.\"><\/object><a id=\"wp-block-file--media-44ebd599-d2ce-480b-b292-101f43993d64\" href=\"https:\/\/cardosolopes.net\/wp-content\/uploads\/2025\/04\/Plano_anual_atividades_Biblioteca_Escolar_24_25.pdf\" target=\"_blank\" rel=\"noreferrer noopener\">Plano_anual_atividades_Biblioteca_Escolar_24_25<\/a><a href=\"https:\/\/cardosolopes.net\/wp-content\/uploads\/2025\/04\/Plano_anual_atividades_Biblioteca_Escolar_24_25.pdf\" class=\"wp-block-file__button wp-element-button\" download aria-describedby=\"wp-block-file--media-44ebd599-d2ce-480b-b292-101f43993d64\">Descarregar<\/a><\/div>\n","protected":false},"excerpt":{"rendered":"<p>As Bibliotecas do Agrupamento de Escolas Cardoso Lopes s\u00e3o verdadeiros centro de saber, onde o conhecimento se torna acess\u00edvel a todos e o prazer pela leitura \u00e9 cultivado diariamente. Mais do que um espa\u00e7o de consulta, cada biblioteca \u00e9 um ambiente de crescimento, reflex\u00e3o e criatividade, onde os alunos t\u00eam a oportunidade de explorar novos [&hellip;]<\/p>\n","protected":false},"author":3,"featured_media":0,"parent":0,"menu_order":0,"comment_status":"closed","ping_status":"closed","template":"","meta":{"footnotes":""},"class_list":["post-404","page","type-page","status-publish","hentry"],"yoast_head":"<!-- This site is optimized with the Yoast SEO plugin v27.5 - https:\/\/yoast.com\/product\/yoast-seo-wordpress\/ -->\n<title>Bibliotecas - Agrupamento Cardoso Lopes<\/title>\n<meta name=\"robots\" content=\"index, follow, max-snippet:-1, max-image-preview:large, max-video-preview:-1\" \/>\n<link rel=\"canonical\" href=\"https:\/\/cardosolopes.net\/?page_id=404\" \/>\n<meta property=\"og:locale\" content=\"pt_PT\" \/>\n<meta property=\"og:type\" content=\"article\" \/>\n<meta property=\"og:title\" content=\"Bibliotecas - Agrupamento Cardoso Lopes\" \/>\n<meta property=\"og:description\" content=\"As Bibliotecas do Agrupamento de Escolas Cardoso Lopes s\u00e3o verdadeiros centro de saber, onde o conhecimento se torna acess\u00edvel a todos e o prazer pela leitura \u00e9 cultivado diariamente. Mais do que um espa\u00e7o de consulta, cada biblioteca \u00e9 um ambiente de crescimento, reflex\u00e3o e criatividade, onde os alunos t\u00eam a oportunidade de explorar novos [&hellip;]\" \/>\n<meta property=\"og:url\" content=\"https:\/\/cardosolopes.net\/?page_id=404\" \/>\n<meta property=\"og:site_name\" content=\"Agrupamento Cardoso Lopes\" \/>\n<meta property=\"article:modified_time\" content=\"2025-04-20T10:15:10+00:00\" \/>\n<meta name=\"twitter:card\" content=\"summary_large_image\" \/>\n<meta name=\"twitter:label1\" content=\"Tempo estimado de leitura\" \/>\n\t<meta name=\"twitter:data1\" content=\"2 minutos\" \/>\n<script type=\"application\/ld+json\" class=\"yoast-schema-graph\">{\"@context\":\"https:\\\/\\\/schema.org\",\"@graph\":[{\"@type\":\"WebPage\",\"@id\":\"https:\\\/\\\/cardosolopes.net\\\/?page_id=404\",\"url\":\"https:\\\/\\\/cardosolopes.net\\\/?page_id=404\",\"name\":\"Bibliotecas - Agrupamento Cardoso Lopes\",\"isPartOf\":{\"@id\":\"https:\\\/\\\/cardosolopes.net\\\/#website\"},\"datePublished\":\"2025-02-21T22:29:04+00:00\",\"dateModified\":\"2025-04-20T10:15:10+00:00\",\"breadcrumb\":{\"@id\":\"https:\\\/\\\/cardosolopes.net\\\/?page_id=404#breadcrumb\"},\"inLanguage\":\"pt-PT\",\"potentialAction\":[{\"@type\":\"ReadAction\",\"target\":[\"https:\\\/\\\/cardosolopes.net\\\/?page_id=404\"]}]},{\"@type\":\"BreadcrumbList\",\"@id\":\"https:\\\/\\\/cardosolopes.net\\\/?page_id=404#breadcrumb\",\"itemListElement\":[{\"@type\":\"ListItem\",\"position\":1,\"name\":\"In\u00edcio\",\"item\":\"https:\\\/\\\/cardosolopes.net\\\/\"},{\"@type\":\"ListItem\",\"position\":2,\"name\":\"Bibliotecas\"}]},{\"@type\":\"WebSite\",\"@id\":\"https:\\\/\\\/cardosolopes.net\\\/#website\",\"url\":\"https:\\\/\\\/cardosolopes.net\\\/\",\"name\":\"Agrupamento Cardoso Lopes\",\"description\":\"\",\"publisher\":{\"@id\":\"https:\\\/\\\/cardosolopes.net\\\/#organization\"},\"potentialAction\":[{\"@type\":\"SearchAction\",\"target\":{\"@type\":\"EntryPoint\",\"urlTemplate\":\"https:\\\/\\\/cardosolopes.net\\\/?s={search_term_string}\"},\"query-input\":{\"@type\":\"PropertyValueSpecification\",\"valueRequired\":true,\"valueName\":\"search_term_string\"}}],\"inLanguage\":\"pt-PT\"},{\"@type\":\"Organization\",\"@id\":\"https:\\\/\\\/cardosolopes.net\\\/#organization\",\"name\":\"Agrupamento Cardoso Lopes\",\"url\":\"https:\\\/\\\/cardosolopes.net\\\/\",\"logo\":{\"@type\":\"ImageObject\",\"inLanguage\":\"pt-PT\",\"@id\":\"https:\\\/\\\/cardosolopes.net\\\/#\\\/schema\\\/logo\\\/image\\\/\",\"url\":\"https:\\\/\\\/cardosolopes.net\\\/wp-content\\\/uploads\\\/2025\\\/02\\\/cropped-12.jpg\",\"contentUrl\":\"https:\\\/\\\/cardosolopes.net\\\/wp-content\\\/uploads\\\/2025\\\/02\\\/cropped-12.jpg\",\"width\":398,\"height\":354,\"caption\":\"Agrupamento Cardoso Lopes\"},\"image\":{\"@id\":\"https:\\\/\\\/cardosolopes.net\\\/#\\\/schema\\\/logo\\\/image\\\/\"}}]}<\/script>\n<!-- \/ Yoast SEO plugin. -->","yoast_head_json":{"title":"Bibliotecas - Agrupamento Cardoso Lopes","robots":{"index":"index","follow":"follow","max-snippet":"max-snippet:-1","max-image-preview":"max-image-preview:large","max-video-preview":"max-video-preview:-1"},"canonical":"https:\/\/cardosolopes.net\/?page_id=404","og_locale":"pt_PT","og_type":"article","og_title":"Bibliotecas - Agrupamento Cardoso Lopes","og_description":"As Bibliotecas do Agrupamento de Escolas Cardoso Lopes s\u00e3o verdadeiros centro de saber, onde o conhecimento se torna acess\u00edvel a todos e o prazer pela leitura \u00e9 cultivado diariamente. Mais do que um espa\u00e7o de consulta, cada biblioteca \u00e9 um ambiente de crescimento, reflex\u00e3o e criatividade, onde os alunos t\u00eam a oportunidade de explorar novos [&hellip;]","og_url":"https:\/\/cardosolopes.net\/?page_id=404","og_site_name":"Agrupamento Cardoso Lopes","article_modified_time":"2025-04-20T10:15:10+00:00","twitter_card":"summary_large_image","twitter_misc":{"Tempo estimado de leitura":"2 minutos"},"schema":{"@context":"https:\/\/schema.org","@graph":[{"@type":"WebPage","@id":"https:\/\/cardosolopes.net\/?page_id=404","url":"https:\/\/cardosolopes.net\/?page_id=404","name":"Bibliotecas - Agrupamento Cardoso Lopes","isPartOf":{"@id":"https:\/\/cardosolopes.net\/#website"},"datePublished":"2025-02-21T22:29:04+00:00","dateModified":"2025-04-20T10:15:10+00:00","breadcrumb":{"@id":"https:\/\/cardosolopes.net\/?page_id=404#breadcrumb"},"inLanguage":"pt-PT","potentialAction":[{"@type":"ReadAction","target":["https:\/\/cardosolopes.net\/?page_id=404"]}]},{"@type":"BreadcrumbList","@id":"https:\/\/cardosolopes.net\/?page_id=404#breadcrumb","itemListElement":[{"@type":"ListItem","position":1,"name":"In\u00edcio","item":"https:\/\/cardosolopes.net\/"},{"@type":"ListItem","position":2,"name":"Bibliotecas"}]},{"@type":"WebSite","@id":"https:\/\/cardosolopes.net\/#website","url":"https:\/\/cardosolopes.net\/","name":"Agrupamento Cardoso Lopes","description":"","publisher":{"@id":"https:\/\/cardosolopes.net\/#organization"},"potentialAction":[{"@type":"SearchAction","target":{"@type":"EntryPoint","urlTemplate":"https:\/\/cardosolopes.net\/?s={search_term_string}"},"query-input":{"@type":"PropertyValueSpecification","valueRequired":true,"valueName":"search_term_string"}}],"inLanguage":"pt-PT"},{"@type":"Organization","@id":"https:\/\/cardosolopes.net\/#organization","name":"Agrupamento Cardoso Lopes","url":"https:\/\/cardosolopes.net\/","logo":{"@type":"ImageObject","inLanguage":"pt-PT","@id":"https:\/\/cardosolopes.net\/#\/schema\/logo\/image\/","url":"https:\/\/cardosolopes.net\/wp-content\/uploads\/2025\/02\/cropped-12.jpg","contentUrl":"https:\/\/cardosolopes.net\/wp-content\/uploads\/2025\/02\/cropped-12.jpg","width":398,"height":354,"caption":"Agrupamento Cardoso Lopes"},"image":{"@id":"https:\/\/cardosolopes.net\/#\/schema\/logo\/image\/"}}]}},"_links":{"self":[{"href":"https:\/\/cardosolopes.net\/index.php?rest_route=\/wp\/v2\/pages\/404","targetHints":{"allow":["GET"]}}],"collection":[{"href":"https:\/\/cardosolopes.net\/index.php?rest_route=\/wp\/v2\/pages"}],"about":[{"href":"https:\/\/cardosolopes.net\/index.php?rest_route=\/wp\/v2\/types\/page"}],"author":[{"embeddable":true,"href":"https:\/\/cardosolopes.net\/index.php?rest_route=\/wp\/v2\/users\/3"}],"replies":[{"embeddable":true,"href":"https:\/\/cardosolopes.net\/index.php?rest_route=%2Fwp%2Fv2%2Fcomments&post=404"}],"version-history":[{"count":5,"href":"https:\/\/cardosolopes.net\/index.php?rest_route=\/wp\/v2\/pages\/404\/revisions"}],"predecessor-version":[{"id":1385,"href":"https:\/\/cardosolopes.net\/index.php?rest_route=\/wp\/v2\/pages\/404\/revisions\/1385"}],"wp:attachment":[{"href":"https:\/\/cardosolopes.net\/index.php?rest_route=%2Fwp%2Fv2%2Fmedia&parent=404"}],"curies":[{"name":"wp","href":"https:\/\/api.w.org\/{rel}","templated":true}]}}