{"id":412,"date":"2025-02-21T22:30:07","date_gmt":"2025-02-21T22:30:07","guid":{"rendered":"https:\/\/cardosolopes.net\/?page_id=412"},"modified":"2025-02-22T04:02:01","modified_gmt":"2025-02-22T04:02:01","slug":"papelaria","status":"publish","type":"page","link":"https:\/\/cardosolopes.net\/?page_id=412","title":{"rendered":"Papelaria"},"content":{"rendered":"\n<p>A Papelaria do Agrupamento de Escolas Cardoso Lopes \u00e9 um espa\u00e7o essencial para a comunidade escolar, onde alunos, professores e funcion\u00e1rios encontram tudo o que precisam para apoiar o seu percurso educativo. Com uma oferta variada de materiais escolares e livros, a papelaria contribui para o bom funcionamento do dia a dia escolar, garantindo que todos tenham acesso aos recursos necess\u00e1rios para o sucesso acad\u00e9mico. Al\u00e9m disso, \u00e9 um local de conveni\u00eancia e apoio, onde a dedica\u00e7\u00e3o ao servi\u00e7o e a proximidade com os alunos e a equipa escolar fazem toda a diferen\u00e7a. A sua presen\u00e7a \u00e9 uma parte fundamental da organiza\u00e7\u00e3o e do esp\u00edrito colaborativo da escola.<\/p>\n","protected":false},"excerpt":{"rendered":"<p>A Papelaria do Agrupamento de Escolas Cardoso Lopes \u00e9 um espa\u00e7o essencial para a comunidade escolar, onde alunos, professores e funcion\u00e1rios encontram tudo o que precisam para apoiar o seu percurso educativo. Com uma oferta variada de materiais escolares e livros, a papelaria contribui para o bom funcionamento do dia a dia escolar, garantindo que [&hellip;]<\/p>\n","protected":false},"author":3,"featured_media":0,"parent":0,"menu_order":0,"comment_status":"closed","ping_status":"closed","template":"","meta":{"footnotes":""},"class_list":["post-412","page","type-page","status-publish","hentry"],"yoast_head":"<!-- This site is optimized with the Yoast SEO plugin v27.5 - https:\/\/yoast.com\/product\/yoast-seo-wordpress\/ -->\n<title>Papelaria - Agrupamento Cardoso Lopes<\/title>\n<meta name=\"robots\" content=\"index, follow, max-snippet:-1, max-image-preview:large, max-video-preview:-1\" \/>\n<link rel=\"canonical\" href=\"https:\/\/cardosolopes.net\/?page_id=412\" \/>\n<meta property=\"og:locale\" content=\"pt_PT\" \/>\n<meta property=\"og:type\" content=\"article\" \/>\n<meta property=\"og:title\" content=\"Papelaria - Agrupamento Cardoso Lopes\" \/>\n<meta property=\"og:description\" content=\"A Papelaria do Agrupamento de Escolas Cardoso Lopes \u00e9 um espa\u00e7o essencial para a comunidade escolar, onde alunos, professores e funcion\u00e1rios encontram tudo o que precisam para apoiar o seu percurso educativo. Com uma oferta variada de materiais escolares e livros, a papelaria contribui para o bom funcionamento do dia a dia escolar, garantindo que [&hellip;]\" \/>\n<meta property=\"og:url\" content=\"https:\/\/cardosolopes.net\/?page_id=412\" \/>\n<meta property=\"og:site_name\" content=\"Agrupamento Cardoso Lopes\" \/>\n<meta property=\"article:modified_time\" content=\"2025-02-22T04:02:01+00:00\" \/>\n<meta name=\"twitter:card\" content=\"summary_large_image\" \/>\n<script type=\"application\/ld+json\" class=\"yoast-schema-graph\">{\"@context\":\"https:\\\/\\\/schema.org\",\"@graph\":[{\"@type\":\"WebPage\",\"@id\":\"https:\\\/\\\/cardosolopes.net\\\/?page_id=412\",\"url\":\"https:\\\/\\\/cardosolopes.net\\\/?page_id=412\",\"name\":\"Papelaria - Agrupamento Cardoso Lopes\",\"isPartOf\":{\"@id\":\"https:\\\/\\\/cardosolopes.net\\\/#website\"},\"datePublished\":\"2025-02-21T22:30:07+00:00\",\"dateModified\":\"2025-02-22T04:02:01+00:00\",\"breadcrumb\":{\"@id\":\"https:\\\/\\\/cardosolopes.net\\\/?page_id=412#breadcrumb\"},\"inLanguage\":\"pt-PT\",\"potentialAction\":[{\"@type\":\"ReadAction\",\"target\":[\"https:\\\/\\\/cardosolopes.net\\\/?page_id=412\"]}]},{\"@type\":\"BreadcrumbList\",\"@id\":\"https:\\\/\\\/cardosolopes.net\\\/?page_id=412#breadcrumb\",\"itemListElement\":[{\"@type\":\"ListItem\",\"position\":1,\"name\":\"In\u00edcio\",\"item\":\"https:\\\/\\\/cardosolopes.net\\\/\"},{\"@type\":\"ListItem\",\"position\":2,\"name\":\"Papelaria\"}]},{\"@type\":\"WebSite\",\"@id\":\"https:\\\/\\\/cardosolopes.net\\\/#website\",\"url\":\"https:\\\/\\\/cardosolopes.net\\\/\",\"name\":\"Agrupamento Cardoso Lopes\",\"description\":\"\",\"publisher\":{\"@id\":\"https:\\\/\\\/cardosolopes.net\\\/#organization\"},\"potentialAction\":[{\"@type\":\"SearchAction\",\"target\":{\"@type\":\"EntryPoint\",\"urlTemplate\":\"https:\\\/\\\/cardosolopes.net\\\/?s={search_term_string}\"},\"query-input\":{\"@type\":\"PropertyValueSpecification\",\"valueRequired\":true,\"valueName\":\"search_term_string\"}}],\"inLanguage\":\"pt-PT\"},{\"@type\":\"Organization\",\"@id\":\"https:\\\/\\\/cardosolopes.net\\\/#organization\",\"name\":\"Agrupamento Cardoso Lopes\",\"url\":\"https:\\\/\\\/cardosolopes.net\\\/\",\"logo\":{\"@type\":\"ImageObject\",\"inLanguage\":\"pt-PT\",\"@id\":\"https:\\\/\\\/cardosolopes.net\\\/#\\\/schema\\\/logo\\\/image\\\/\",\"url\":\"https:\\\/\\\/cardosolopes.net\\\/wp-content\\\/uploads\\\/2025\\\/02\\\/cropped-12.jpg\",\"contentUrl\":\"https:\\\/\\\/cardosolopes.net\\\/wp-content\\\/uploads\\\/2025\\\/02\\\/cropped-12.jpg\",\"width\":398,\"height\":354,\"caption\":\"Agrupamento Cardoso Lopes\"},\"image\":{\"@id\":\"https:\\\/\\\/cardosolopes.net\\\/#\\\/schema\\\/logo\\\/image\\\/\"}}]}<\/script>\n<!-- \/ Yoast SEO plugin. -->","yoast_head_json":{"title":"Papelaria - Agrupamento Cardoso Lopes","robots":{"index":"index","follow":"follow","max-snippet":"max-snippet:-1","max-image-preview":"max-image-preview:large","max-video-preview":"max-video-preview:-1"},"canonical":"https:\/\/cardosolopes.net\/?page_id=412","og_locale":"pt_PT","og_type":"article","og_title":"Papelaria - Agrupamento Cardoso Lopes","og_description":"A Papelaria do Agrupamento de Escolas Cardoso Lopes \u00e9 um espa\u00e7o essencial para a comunidade escolar, onde alunos, professores e funcion\u00e1rios encontram tudo o que precisam para apoiar o seu percurso educativo. Com uma oferta variada de materiais escolares e livros, a papelaria contribui para o bom funcionamento do dia a dia escolar, garantindo que [&hellip;]","og_url":"https:\/\/cardosolopes.net\/?page_id=412","og_site_name":"Agrupamento Cardoso Lopes","article_modified_time":"2025-02-22T04:02:01+00:00","twitter_card":"summary_large_image","schema":{"@context":"https:\/\/schema.org","@graph":[{"@type":"WebPage","@id":"https:\/\/cardosolopes.net\/?page_id=412","url":"https:\/\/cardosolopes.net\/?page_id=412","name":"Papelaria - Agrupamento Cardoso Lopes","isPartOf":{"@id":"https:\/\/cardosolopes.net\/#website"},"datePublished":"2025-02-21T22:30:07+00:00","dateModified":"2025-02-22T04:02:01+00:00","breadcrumb":{"@id":"https:\/\/cardosolopes.net\/?page_id=412#breadcrumb"},"inLanguage":"pt-PT","potentialAction":[{"@type":"ReadAction","target":["https:\/\/cardosolopes.net\/?page_id=412"]}]},{"@type":"BreadcrumbList","@id":"https:\/\/cardosolopes.net\/?page_id=412#breadcrumb","itemListElement":[{"@type":"ListItem","position":1,"name":"In\u00edcio","item":"https:\/\/cardosolopes.net\/"},{"@type":"ListItem","position":2,"name":"Papelaria"}]},{"@type":"WebSite","@id":"https:\/\/cardosolopes.net\/#website","url":"https:\/\/cardosolopes.net\/","name":"Agrupamento Cardoso Lopes","description":"","publisher":{"@id":"https:\/\/cardosolopes.net\/#organization"},"potentialAction":[{"@type":"SearchAction","target":{"@type":"EntryPoint","urlTemplate":"https:\/\/cardosolopes.net\/?s={search_term_string}"},"query-input":{"@type":"PropertyValueSpecification","valueRequired":true,"valueName":"search_term_string"}}],"inLanguage":"pt-PT"},{"@type":"Organization","@id":"https:\/\/cardosolopes.net\/#organization","name":"Agrupamento Cardoso Lopes","url":"https:\/\/cardosolopes.net\/","logo":{"@type":"ImageObject","inLanguage":"pt-PT","@id":"https:\/\/cardosolopes.net\/#\/schema\/logo\/image\/","url":"https:\/\/cardosolopes.net\/wp-content\/uploads\/2025\/02\/cropped-12.jpg","contentUrl":"https:\/\/cardosolopes.net\/wp-content\/uploads\/2025\/02\/cropped-12.jpg","width":398,"height":354,"caption":"Agrupamento Cardoso Lopes"},"image":{"@id":"https:\/\/cardosolopes.net\/#\/schema\/logo\/image\/"}}]}},"_links":{"self":[{"href":"https:\/\/cardosolopes.net\/index.php?rest_route=\/wp\/v2\/pages\/412","targetHints":{"allow":["GET"]}}],"collection":[{"href":"https:\/\/cardosolopes.net\/index.php?rest_route=\/wp\/v2\/pages"}],"about":[{"href":"https:\/\/cardosolopes.net\/index.php?rest_route=\/wp\/v2\/types\/page"}],"author":[{"embeddable":true,"href":"https:\/\/cardosolopes.net\/index.php?rest_route=\/wp\/v2\/users\/3"}],"replies":[{"embeddable":true,"href":"https:\/\/cardosolopes.net\/index.php?rest_route=%2Fwp%2Fv2%2Fcomments&post=412"}],"version-history":[{"count":2,"href":"https:\/\/cardosolopes.net\/index.php?rest_route=\/wp\/v2\/pages\/412\/revisions"}],"predecessor-version":[{"id":636,"href":"https:\/\/cardosolopes.net\/index.php?rest_route=\/wp\/v2\/pages\/412\/revisions\/636"}],"wp:attachment":[{"href":"https:\/\/cardosolopes.net\/index.php?rest_route=%2Fwp%2Fv2%2Fmedia&parent=412"}],"curies":[{"name":"wp","href":"https:\/\/api.w.org\/{rel}","templated":true}]}}