{"id":424,"date":"2025-02-21T22:32:50","date_gmt":"2025-02-21T22:32:50","guid":{"rendered":"https:\/\/cardosolopes.net\/?page_id=424"},"modified":"2025-07-30T21:30:05","modified_gmt":"2025-07-30T21:30:05","slug":"manuais-adotados","status":"publish","type":"page","link":"https:\/\/cardosolopes.net\/?page_id=424","title":{"rendered":"Manuais Adotados"},"content":{"rendered":"\n<p>Manuais adotados: EB1\/JI da Mina <\/p>\n\n\n\n<div data-wp-interactive=\"core\/file\" class=\"wp-block-file\"><object data-wp-bind--hidden=\"!state.hasPdfPreview\" hidden class=\"wp-block-file__embed\" data=\"https:\/\/cardosolopes.net\/wp-content\/uploads\/2025\/07\/Manuais-adotados-_-Mina-1.pdf\" type=\"application\/pdf\" style=\"width:100%;height:600px\" aria-label=\"Incorpora\u00e7\u00e3o de Manuais adotados _ Mina.\"><\/object><a id=\"wp-block-file--media-d15f6c09-877f-4b4c-8ab2-2b0bed1b8ac9\" href=\"https:\/\/cardosolopes.net\/wp-content\/uploads\/2025\/07\/Manuais-adotados-_-Mina-1.pdf\">Manuais adotados _ Mina<\/a><a href=\"https:\/\/cardosolopes.net\/wp-content\/uploads\/2025\/07\/Manuais-adotados-_-Mina-1.pdf\" class=\"wp-block-file__button wp-element-button\" download aria-describedby=\"wp-block-file--media-d15f6c09-877f-4b4c-8ab2-2b0bed1b8ac9\">Descarregar<\/a><\/div>\n\n\n\n<p>Manuais adotados: EB1\/JI da Mina <\/p>\n\n\n\n<div data-wp-interactive=\"core\/file\" class=\"wp-block-file\"><object data-wp-bind--hidden=\"!state.hasPdfPreview\" hidden class=\"wp-block-file__embed\" data=\"https:\/\/cardosolopes.net\/wp-content\/uploads\/2025\/07\/Manuais-adotados_-Aprigio-Gomes-1.pdf\" type=\"application\/pdf\" style=\"width:100%;height:600px\" aria-label=\"Incorpora\u00e7\u00e3o de Manuais adotados_ Apr\u00edgio Gomes.\"><\/object><a id=\"wp-block-file--media-31d912eb-edb9-452b-9e8b-49797ae7acba\" href=\"https:\/\/cardosolopes.net\/wp-content\/uploads\/2025\/07\/Manuais-adotados_-Aprigio-Gomes-1.pdf\">Manuais adotados_ Apr\u00edgio Gomes<\/a><a href=\"https:\/\/cardosolopes.net\/wp-content\/uploads\/2025\/07\/Manuais-adotados_-Aprigio-Gomes-1.pdf\" class=\"wp-block-file__button wp-element-button\" download aria-describedby=\"wp-block-file--media-31d912eb-edb9-452b-9e8b-49797ae7acba\">Descarregar<\/a><\/div>\n\n\n\n<p>Manuais adotados: EB 2,3 Cardoso Lopes<\/p>\n\n\n\n<div data-wp-interactive=\"core\/file\" class=\"wp-block-file\"><object data-wp-bind--hidden=\"!state.hasPdfPreview\" hidden class=\"wp-block-file__embed\" data=\"https:\/\/cardosolopes.net\/wp-content\/uploads\/2025\/07\/Manuais-adotados-2o-e-3o-Ciclos-1.pdf\" type=\"application\/pdf\" style=\"width:100%;height:600px\" aria-label=\"Incorpora\u00e7\u00e3o de Manuais adotados 2\u00ba e 3\u00ba Ciclos.\"><\/object><a id=\"wp-block-file--media-87dfe870-3e5f-4861-81ff-ac44d810d4f2\" href=\"https:\/\/cardosolopes.net\/wp-content\/uploads\/2025\/07\/Manuais-adotados-2o-e-3o-Ciclos-1.pdf\">Manuais adotados 2\u00ba e 3\u00ba Ciclos<\/a><a href=\"https:\/\/cardosolopes.net\/wp-content\/uploads\/2025\/07\/Manuais-adotados-2o-e-3o-Ciclos-1.pdf\" class=\"wp-block-file__button wp-element-button\" download aria-describedby=\"wp-block-file--media-87dfe870-3e5f-4861-81ff-ac44d810d4f2\">Descarregar<\/a><\/div>\n","protected":false},"excerpt":{"rendered":"<p>Manuais adotados: EB1\/JI da Mina Manuais adotados: EB1\/JI da Mina Manuais adotados: EB 2,3 Cardoso Lopes<\/p>\n","protected":false},"author":3,"featured_media":0,"parent":0,"menu_order":0,"comment_status":"closed","ping_status":"closed","template":"","meta":{"footnotes":""},"class_list":["post-424","page","type-page","status-publish","hentry"],"yoast_head":"<!-- This site is optimized with the Yoast SEO plugin v27.4 - https:\/\/yoast.com\/product\/yoast-seo-wordpress\/ -->\n<title>Manuais Adotados - Agrupamento Cardoso Lopes<\/title>\n<meta name=\"robots\" content=\"index, follow, max-snippet:-1, max-image-preview:large, max-video-preview:-1\" \/>\n<link rel=\"canonical\" href=\"https:\/\/cardosolopes.net\/?page_id=424\" \/>\n<meta property=\"og:locale\" content=\"pt_PT\" \/>\n<meta property=\"og:type\" content=\"article\" \/>\n<meta property=\"og:title\" content=\"Manuais Adotados - Agrupamento Cardoso Lopes\" \/>\n<meta property=\"og:description\" content=\"Manuais adotados: EB1\/JI da Mina Manuais adotados: EB1\/JI da Mina Manuais adotados: EB 2,3 Cardoso Lopes\" \/>\n<meta property=\"og:url\" content=\"https:\/\/cardosolopes.net\/?page_id=424\" \/>\n<meta property=\"og:site_name\" content=\"Agrupamento Cardoso Lopes\" \/>\n<meta property=\"article:modified_time\" content=\"2025-07-30T21:30:05+00:00\" \/>\n<meta name=\"twitter:card\" content=\"summary_large_image\" \/>\n<meta name=\"twitter:label1\" content=\"Tempo estimado de leitura\" \/>\n\t<meta name=\"twitter:data1\" content=\"1 minuto\" \/>\n<script type=\"application\/ld+json\" class=\"yoast-schema-graph\">{\"@context\":\"https:\\\/\\\/schema.org\",\"@graph\":[{\"@type\":\"WebPage\",\"@id\":\"https:\\\/\\\/cardosolopes.net\\\/?page_id=424\",\"url\":\"https:\\\/\\\/cardosolopes.net\\\/?page_id=424\",\"name\":\"Manuais Adotados - Agrupamento Cardoso Lopes\",\"isPartOf\":{\"@id\":\"https:\\\/\\\/cardosolopes.net\\\/#website\"},\"datePublished\":\"2025-02-21T22:32:50+00:00\",\"dateModified\":\"2025-07-30T21:30:05+00:00\",\"breadcrumb\":{\"@id\":\"https:\\\/\\\/cardosolopes.net\\\/?page_id=424#breadcrumb\"},\"inLanguage\":\"pt-PT\",\"potentialAction\":[{\"@type\":\"ReadAction\",\"target\":[\"https:\\\/\\\/cardosolopes.net\\\/?page_id=424\"]}]},{\"@type\":\"BreadcrumbList\",\"@id\":\"https:\\\/\\\/cardosolopes.net\\\/?page_id=424#breadcrumb\",\"itemListElement\":[{\"@type\":\"ListItem\",\"position\":1,\"name\":\"In\u00edcio\",\"item\":\"https:\\\/\\\/cardosolopes.net\\\/\"},{\"@type\":\"ListItem\",\"position\":2,\"name\":\"Manuais Adotados\"}]},{\"@type\":\"WebSite\",\"@id\":\"https:\\\/\\\/cardosolopes.net\\\/#website\",\"url\":\"https:\\\/\\\/cardosolopes.net\\\/\",\"name\":\"Agrupamento Cardoso Lopes\",\"description\":\"\",\"publisher\":{\"@id\":\"https:\\\/\\\/cardosolopes.net\\\/#organization\"},\"potentialAction\":[{\"@type\":\"SearchAction\",\"target\":{\"@type\":\"EntryPoint\",\"urlTemplate\":\"https:\\\/\\\/cardosolopes.net\\\/?s={search_term_string}\"},\"query-input\":{\"@type\":\"PropertyValueSpecification\",\"valueRequired\":true,\"valueName\":\"search_term_string\"}}],\"inLanguage\":\"pt-PT\"},{\"@type\":\"Organization\",\"@id\":\"https:\\\/\\\/cardosolopes.net\\\/#organization\",\"name\":\"Agrupamento Cardoso Lopes\",\"url\":\"https:\\\/\\\/cardosolopes.net\\\/\",\"logo\":{\"@type\":\"ImageObject\",\"inLanguage\":\"pt-PT\",\"@id\":\"https:\\\/\\\/cardosolopes.net\\\/#\\\/schema\\\/logo\\\/image\\\/\",\"url\":\"https:\\\/\\\/cardosolopes.net\\\/wp-content\\\/uploads\\\/2025\\\/02\\\/cropped-12.jpg\",\"contentUrl\":\"https:\\\/\\\/cardosolopes.net\\\/wp-content\\\/uploads\\\/2025\\\/02\\\/cropped-12.jpg\",\"width\":398,\"height\":354,\"caption\":\"Agrupamento Cardoso Lopes\"},\"image\":{\"@id\":\"https:\\\/\\\/cardosolopes.net\\\/#\\\/schema\\\/logo\\\/image\\\/\"}}]}<\/script>\n<!-- \/ Yoast SEO plugin. -->","yoast_head_json":{"title":"Manuais Adotados - Agrupamento Cardoso Lopes","robots":{"index":"index","follow":"follow","max-snippet":"max-snippet:-1","max-image-preview":"max-image-preview:large","max-video-preview":"max-video-preview:-1"},"canonical":"https:\/\/cardosolopes.net\/?page_id=424","og_locale":"pt_PT","og_type":"article","og_title":"Manuais Adotados - Agrupamento Cardoso Lopes","og_description":"Manuais adotados: EB1\/JI da Mina Manuais adotados: EB1\/JI da Mina Manuais adotados: EB 2,3 Cardoso Lopes","og_url":"https:\/\/cardosolopes.net\/?page_id=424","og_site_name":"Agrupamento Cardoso Lopes","article_modified_time":"2025-07-30T21:30:05+00:00","twitter_card":"summary_large_image","twitter_misc":{"Tempo estimado de leitura":"1 minuto"},"schema":{"@context":"https:\/\/schema.org","@graph":[{"@type":"WebPage","@id":"https:\/\/cardosolopes.net\/?page_id=424","url":"https:\/\/cardosolopes.net\/?page_id=424","name":"Manuais Adotados - Agrupamento Cardoso Lopes","isPartOf":{"@id":"https:\/\/cardosolopes.net\/#website"},"datePublished":"2025-02-21T22:32:50+00:00","dateModified":"2025-07-30T21:30:05+00:00","breadcrumb":{"@id":"https:\/\/cardosolopes.net\/?page_id=424#breadcrumb"},"inLanguage":"pt-PT","potentialAction":[{"@type":"ReadAction","target":["https:\/\/cardosolopes.net\/?page_id=424"]}]},{"@type":"BreadcrumbList","@id":"https:\/\/cardosolopes.net\/?page_id=424#breadcrumb","itemListElement":[{"@type":"ListItem","position":1,"name":"In\u00edcio","item":"https:\/\/cardosolopes.net\/"},{"@type":"ListItem","position":2,"name":"Manuais Adotados"}]},{"@type":"WebSite","@id":"https:\/\/cardosolopes.net\/#website","url":"https:\/\/cardosolopes.net\/","name":"Agrupamento Cardoso Lopes","description":"","publisher":{"@id":"https:\/\/cardosolopes.net\/#organization"},"potentialAction":[{"@type":"SearchAction","target":{"@type":"EntryPoint","urlTemplate":"https:\/\/cardosolopes.net\/?s={search_term_string}"},"query-input":{"@type":"PropertyValueSpecification","valueRequired":true,"valueName":"search_term_string"}}],"inLanguage":"pt-PT"},{"@type":"Organization","@id":"https:\/\/cardosolopes.net\/#organization","name":"Agrupamento Cardoso Lopes","url":"https:\/\/cardosolopes.net\/","logo":{"@type":"ImageObject","inLanguage":"pt-PT","@id":"https:\/\/cardosolopes.net\/#\/schema\/logo\/image\/","url":"https:\/\/cardosolopes.net\/wp-content\/uploads\/2025\/02\/cropped-12.jpg","contentUrl":"https:\/\/cardosolopes.net\/wp-content\/uploads\/2025\/02\/cropped-12.jpg","width":398,"height":354,"caption":"Agrupamento Cardoso Lopes"},"image":{"@id":"https:\/\/cardosolopes.net\/#\/schema\/logo\/image\/"}}]}},"_links":{"self":[{"href":"https:\/\/cardosolopes.net\/index.php?rest_route=\/wp\/v2\/pages\/424","targetHints":{"allow":["GET"]}}],"collection":[{"href":"https:\/\/cardosolopes.net\/index.php?rest_route=\/wp\/v2\/pages"}],"about":[{"href":"https:\/\/cardosolopes.net\/index.php?rest_route=\/wp\/v2\/types\/page"}],"author":[{"embeddable":true,"href":"https:\/\/cardosolopes.net\/index.php?rest_route=\/wp\/v2\/users\/3"}],"replies":[{"embeddable":true,"href":"https:\/\/cardosolopes.net\/index.php?rest_route=%2Fwp%2Fv2%2Fcomments&post=424"}],"version-history":[{"count":4,"href":"https:\/\/cardosolopes.net\/index.php?rest_route=\/wp\/v2\/pages\/424\/revisions"}],"predecessor-version":[{"id":3326,"href":"https:\/\/cardosolopes.net\/index.php?rest_route=\/wp\/v2\/pages\/424\/revisions\/3326"}],"wp:attachment":[{"href":"https:\/\/cardosolopes.net\/index.php?rest_route=%2Fwp%2Fv2%2Fmedia&parent=424"}],"curies":[{"name":"wp","href":"https:\/\/api.w.org\/{rel}","templated":true}]}}