{"id":444,"date":"2025-02-21T22:35:32","date_gmt":"2025-02-21T22:35:32","guid":{"rendered":"https:\/\/cardosolopes.net\/?page_id=444"},"modified":"2025-04-20T09:49:33","modified_gmt":"2025-04-20T09:49:33","slug":"robotica","status":"publish","type":"page","link":"https:\/\/cardosolopes.net\/?page_id=444","title":{"rendered":"Rob\u00f3tica"},"content":{"rendered":"\n<div class=\"wp-block-columns is-layout-flex wp-container-core-columns-is-layout-9d6595d7 wp-block-columns-is-layout-flex\">\n<div class=\"wp-block-column is-layout-flow wp-block-column-is-layout-flow\" style=\"flex-basis:33.33%\">\n<figure class=\"wp-block-image alignfull size-large\"><img  title=\"\" loading=\"lazy\" decoding=\"async\" width=\"724\" height=\"1024\" src=\"https:\/\/cardosolopes.net\/wp-content\/uploads\/2025\/04\/Clube_Robotica_AECL_24_25-724x1024.png\"  alt=\"Clube_Robotica_AECL_24_25-724x1024 Rob\u00f3tica\"  class=\"wp-image-1355\" srcset=\"https:\/\/cardosolopes.net\/wp-content\/uploads\/2025\/04\/Clube_Robotica_AECL_24_25-724x1024.png 724w, https:\/\/cardosolopes.net\/wp-content\/uploads\/2025\/04\/Clube_Robotica_AECL_24_25-212x300.png 212w, https:\/\/cardosolopes.net\/wp-content\/uploads\/2025\/04\/Clube_Robotica_AECL_24_25-768x1086.png 768w, https:\/\/cardosolopes.net\/wp-content\/uploads\/2025\/04\/Clube_Robotica_AECL_24_25-1086x1536.png 1086w, https:\/\/cardosolopes.net\/wp-content\/uploads\/2025\/04\/Clube_Robotica_AECL_24_25-1448x2048.png 1448w, https:\/\/cardosolopes.net\/wp-content\/uploads\/2025\/04\/Clube_Robotica_AECL_24_25-600x849.png 600w, https:\/\/cardosolopes.net\/wp-content\/uploads\/2025\/04\/Clube_Robotica_AECL_24_25.png 1587w\" sizes=\"auto, (max-width: 724px) 100vw, 724px\" \/><\/figure>\n<\/div>\n\n\n\n<div class=\"wp-block-column is-layout-flow wp-block-column-is-layout-flow\" style=\"flex-basis:66.66%\">\n<p>O Clube de Rob\u00f3tica do Agrupamento de Escolas Cardoso Lopes tem sido um espa\u00e7o muto relevante na medida em que permite aos alunos explorarem a tecnologia de forma criativa e pr\u00e1tica. Aqui, os estudantes aprendem a construir e programar rob\u00f4s, desenvolvendo o pensamento l\u00f3gico e a capacidade de resolver problemas. Al\u00e9m disso, o clube promove o trabalho em equipa, ajudando os alunos a partilhar ideias e a encontrar solu\u00e7\u00f5es juntos. \u00c9 um ambiente onde se aprende fazendo, o que torna o conhecimento mais significativo. Muitos alunos descobriram talentos e interesses que n\u00e3o conheciam. O clube tamb\u00e9m representa a escola em concursos e feiras, nomeadamente atrav\u00e9s da Retotech Endesa, levando o nome do agrupamento mais longe. A rob\u00f3tica aqui vai al\u00e9m dos rob\u00f4s \u2013 ensina responsabilidade, persist\u00eancia e inova\u00e7\u00e3o.<\/p>\n\n\n\n<p>Participar no Clube de Rob\u00f3tica \u00e9, sem d\u00favida, uma experi\u00eancia que marca os nossos alunos.<\/p>\n<\/div>\n<\/div>\n\n\n\n<div data-wp-interactive=\"core\/file\" class=\"wp-block-file\"><object data-wp-bind--hidden=\"!state.hasPdfPreview\" hidden class=\"wp-block-file__embed\" data=\"https:\/\/cardosolopes.net\/wp-content\/uploads\/2025\/04\/Autorizacao_Clube_Robotica_24_25.pdf\" type=\"application\/pdf\" style=\"width:100%;height:800px\" aria-label=\"Incorpora\u00e7\u00e3o de Autoriza\u00e7\u00e3o_Clube_Robotica_24_25.\"><\/object><a id=\"wp-block-file--media-0968481d-7e0f-4705-b265-70633e37684b\" href=\"https:\/\/cardosolopes.net\/wp-content\/uploads\/2025\/04\/Autorizacao_Clube_Robotica_24_25.pdf\" target=\"_blank\" rel=\"noreferrer noopener\">Autoriza\u00e7\u00e3o_Clube_Robotica_24_25<\/a><a href=\"https:\/\/cardosolopes.net\/wp-content\/uploads\/2025\/04\/Autorizacao_Clube_Robotica_24_25.pdf\" class=\"wp-block-file__button wp-element-button\" download aria-describedby=\"wp-block-file--media-0968481d-7e0f-4705-b265-70633e37684b\">Descarregar<\/a><\/div>\n\n\n\n<p><\/p>\n","protected":false},"excerpt":{"rendered":"<p>O Clube de Rob\u00f3tica do Agrupamento de Escolas Cardoso Lopes tem sido um espa\u00e7o muto relevante na medida em que permite aos alunos explorarem a tecnologia de forma criativa e pr\u00e1tica. Aqui, os estudantes aprendem a construir e programar rob\u00f4s, desenvolvendo o pensamento l\u00f3gico e a capacidade de resolver problemas. Al\u00e9m disso, o clube promove [&hellip;]<\/p>\n","protected":false},"author":3,"featured_media":0,"parent":0,"menu_order":0,"comment_status":"closed","ping_status":"closed","template":"","meta":{"footnotes":""},"class_list":["post-444","page","type-page","status-publish","hentry"],"yoast_head":"<!-- This site is optimized with the Yoast SEO plugin v27.4 - https:\/\/yoast.com\/product\/yoast-seo-wordpress\/ -->\n<title>Rob\u00f3tica - Agrupamento Cardoso Lopes<\/title>\n<meta name=\"robots\" content=\"index, follow, max-snippet:-1, max-image-preview:large, max-video-preview:-1\" \/>\n<link rel=\"canonical\" href=\"https:\/\/cardosolopes.net\/?page_id=444\" \/>\n<meta property=\"og:locale\" content=\"pt_PT\" \/>\n<meta property=\"og:type\" content=\"article\" \/>\n<meta property=\"og:title\" content=\"Rob\u00f3tica - Agrupamento Cardoso Lopes\" \/>\n<meta property=\"og:description\" content=\"O Clube de Rob\u00f3tica do Agrupamento de Escolas Cardoso Lopes tem sido um espa\u00e7o muto relevante na medida em que permite aos alunos explorarem a tecnologia de forma criativa e pr\u00e1tica. Aqui, os estudantes aprendem a construir e programar rob\u00f4s, desenvolvendo o pensamento l\u00f3gico e a capacidade de resolver problemas. Al\u00e9m disso, o clube promove [&hellip;]\" \/>\n<meta property=\"og:url\" content=\"https:\/\/cardosolopes.net\/?page_id=444\" \/>\n<meta property=\"og:site_name\" content=\"Agrupamento Cardoso Lopes\" \/>\n<meta property=\"article:modified_time\" content=\"2025-04-20T09:49:33+00:00\" \/>\n<meta property=\"og:image\" content=\"https:\/\/cardosolopes.net\/wp-content\/uploads\/2025\/04\/Clube_Robotica_AECL_24_25-724x1024.png\" \/>\n\t<meta property=\"og:image:width\" content=\"724\" \/>\n\t<meta property=\"og:image:height\" content=\"1024\" \/>\n\t<meta property=\"og:image:type\" content=\"image\/png\" \/>\n<meta name=\"twitter:card\" content=\"summary_large_image\" \/>\n<meta name=\"twitter:label1\" content=\"Tempo estimado de leitura\" \/>\n\t<meta name=\"twitter:data1\" content=\"2 minutos\" \/>\n<script type=\"application\/ld+json\" class=\"yoast-schema-graph\">{\"@context\":\"https:\\\/\\\/schema.org\",\"@graph\":[{\"@type\":\"WebPage\",\"@id\":\"https:\\\/\\\/cardosolopes.net\\\/?page_id=444\",\"url\":\"https:\\\/\\\/cardosolopes.net\\\/?page_id=444\",\"name\":\"Rob\u00f3tica - Agrupamento Cardoso Lopes\",\"isPartOf\":{\"@id\":\"https:\\\/\\\/cardosolopes.net\\\/#website\"},\"primaryImageOfPage\":{\"@id\":\"https:\\\/\\\/cardosolopes.net\\\/?page_id=444#primaryimage\"},\"image\":{\"@id\":\"https:\\\/\\\/cardosolopes.net\\\/?page_id=444#primaryimage\"},\"thumbnailUrl\":\"https:\\\/\\\/cardosolopes.net\\\/wp-content\\\/uploads\\\/2025\\\/04\\\/Clube_Robotica_AECL_24_25-724x1024.png\",\"datePublished\":\"2025-02-21T22:35:32+00:00\",\"dateModified\":\"2025-04-20T09:49:33+00:00\",\"breadcrumb\":{\"@id\":\"https:\\\/\\\/cardosolopes.net\\\/?page_id=444#breadcrumb\"},\"inLanguage\":\"pt-PT\",\"potentialAction\":[{\"@type\":\"ReadAction\",\"target\":[\"https:\\\/\\\/cardosolopes.net\\\/?page_id=444\"]}]},{\"@type\":\"ImageObject\",\"inLanguage\":\"pt-PT\",\"@id\":\"https:\\\/\\\/cardosolopes.net\\\/?page_id=444#primaryimage\",\"url\":\"https:\\\/\\\/cardosolopes.net\\\/wp-content\\\/uploads\\\/2025\\\/04\\\/Clube_Robotica_AECL_24_25.png\",\"contentUrl\":\"https:\\\/\\\/cardosolopes.net\\\/wp-content\\\/uploads\\\/2025\\\/04\\\/Clube_Robotica_AECL_24_25.png\",\"width\":1587,\"height\":2245},{\"@type\":\"BreadcrumbList\",\"@id\":\"https:\\\/\\\/cardosolopes.net\\\/?page_id=444#breadcrumb\",\"itemListElement\":[{\"@type\":\"ListItem\",\"position\":1,\"name\":\"In\u00edcio\",\"item\":\"https:\\\/\\\/cardosolopes.net\\\/\"},{\"@type\":\"ListItem\",\"position\":2,\"name\":\"Rob\u00f3tica\"}]},{\"@type\":\"WebSite\",\"@id\":\"https:\\\/\\\/cardosolopes.net\\\/#website\",\"url\":\"https:\\\/\\\/cardosolopes.net\\\/\",\"name\":\"Agrupamento Cardoso Lopes\",\"description\":\"\",\"publisher\":{\"@id\":\"https:\\\/\\\/cardosolopes.net\\\/#organization\"},\"potentialAction\":[{\"@type\":\"SearchAction\",\"target\":{\"@type\":\"EntryPoint\",\"urlTemplate\":\"https:\\\/\\\/cardosolopes.net\\\/?s={search_term_string}\"},\"query-input\":{\"@type\":\"PropertyValueSpecification\",\"valueRequired\":true,\"valueName\":\"search_term_string\"}}],\"inLanguage\":\"pt-PT\"},{\"@type\":\"Organization\",\"@id\":\"https:\\\/\\\/cardosolopes.net\\\/#organization\",\"name\":\"Agrupamento Cardoso Lopes\",\"url\":\"https:\\\/\\\/cardosolopes.net\\\/\",\"logo\":{\"@type\":\"ImageObject\",\"inLanguage\":\"pt-PT\",\"@id\":\"https:\\\/\\\/cardosolopes.net\\\/#\\\/schema\\\/logo\\\/image\\\/\",\"url\":\"https:\\\/\\\/cardosolopes.net\\\/wp-content\\\/uploads\\\/2025\\\/02\\\/cropped-12.jpg\",\"contentUrl\":\"https:\\\/\\\/cardosolopes.net\\\/wp-content\\\/uploads\\\/2025\\\/02\\\/cropped-12.jpg\",\"width\":398,\"height\":354,\"caption\":\"Agrupamento Cardoso Lopes\"},\"image\":{\"@id\":\"https:\\\/\\\/cardosolopes.net\\\/#\\\/schema\\\/logo\\\/image\\\/\"}}]}<\/script>\n<!-- \/ Yoast SEO plugin. -->","yoast_head_json":{"title":"Rob\u00f3tica - Agrupamento Cardoso Lopes","robots":{"index":"index","follow":"follow","max-snippet":"max-snippet:-1","max-image-preview":"max-image-preview:large","max-video-preview":"max-video-preview:-1"},"canonical":"https:\/\/cardosolopes.net\/?page_id=444","og_locale":"pt_PT","og_type":"article","og_title":"Rob\u00f3tica - Agrupamento Cardoso Lopes","og_description":"O Clube de Rob\u00f3tica do Agrupamento de Escolas Cardoso Lopes tem sido um espa\u00e7o muto relevante na medida em que permite aos alunos explorarem a tecnologia de forma criativa e pr\u00e1tica. Aqui, os estudantes aprendem a construir e programar rob\u00f4s, desenvolvendo o pensamento l\u00f3gico e a capacidade de resolver problemas. Al\u00e9m disso, o clube promove [&hellip;]","og_url":"https:\/\/cardosolopes.net\/?page_id=444","og_site_name":"Agrupamento Cardoso Lopes","article_modified_time":"2025-04-20T09:49:33+00:00","og_image":[{"width":724,"height":1024,"url":"https:\/\/cardosolopes.net\/wp-content\/uploads\/2025\/04\/Clube_Robotica_AECL_24_25-724x1024.png","type":"image\/png"}],"twitter_card":"summary_large_image","twitter_misc":{"Tempo estimado de leitura":"2 minutos"},"schema":{"@context":"https:\/\/schema.org","@graph":[{"@type":"WebPage","@id":"https:\/\/cardosolopes.net\/?page_id=444","url":"https:\/\/cardosolopes.net\/?page_id=444","name":"Rob\u00f3tica - Agrupamento Cardoso Lopes","isPartOf":{"@id":"https:\/\/cardosolopes.net\/#website"},"primaryImageOfPage":{"@id":"https:\/\/cardosolopes.net\/?page_id=444#primaryimage"},"image":{"@id":"https:\/\/cardosolopes.net\/?page_id=444#primaryimage"},"thumbnailUrl":"https:\/\/cardosolopes.net\/wp-content\/uploads\/2025\/04\/Clube_Robotica_AECL_24_25-724x1024.png","datePublished":"2025-02-21T22:35:32+00:00","dateModified":"2025-04-20T09:49:33+00:00","breadcrumb":{"@id":"https:\/\/cardosolopes.net\/?page_id=444#breadcrumb"},"inLanguage":"pt-PT","potentialAction":[{"@type":"ReadAction","target":["https:\/\/cardosolopes.net\/?page_id=444"]}]},{"@type":"ImageObject","inLanguage":"pt-PT","@id":"https:\/\/cardosolopes.net\/?page_id=444#primaryimage","url":"https:\/\/cardosolopes.net\/wp-content\/uploads\/2025\/04\/Clube_Robotica_AECL_24_25.png","contentUrl":"https:\/\/cardosolopes.net\/wp-content\/uploads\/2025\/04\/Clube_Robotica_AECL_24_25.png","width":1587,"height":2245},{"@type":"BreadcrumbList","@id":"https:\/\/cardosolopes.net\/?page_id=444#breadcrumb","itemListElement":[{"@type":"ListItem","position":1,"name":"In\u00edcio","item":"https:\/\/cardosolopes.net\/"},{"@type":"ListItem","position":2,"name":"Rob\u00f3tica"}]},{"@type":"WebSite","@id":"https:\/\/cardosolopes.net\/#website","url":"https:\/\/cardosolopes.net\/","name":"Agrupamento Cardoso Lopes","description":"","publisher":{"@id":"https:\/\/cardosolopes.net\/#organization"},"potentialAction":[{"@type":"SearchAction","target":{"@type":"EntryPoint","urlTemplate":"https:\/\/cardosolopes.net\/?s={search_term_string}"},"query-input":{"@type":"PropertyValueSpecification","valueRequired":true,"valueName":"search_term_string"}}],"inLanguage":"pt-PT"},{"@type":"Organization","@id":"https:\/\/cardosolopes.net\/#organization","name":"Agrupamento Cardoso Lopes","url":"https:\/\/cardosolopes.net\/","logo":{"@type":"ImageObject","inLanguage":"pt-PT","@id":"https:\/\/cardosolopes.net\/#\/schema\/logo\/image\/","url":"https:\/\/cardosolopes.net\/wp-content\/uploads\/2025\/02\/cropped-12.jpg","contentUrl":"https:\/\/cardosolopes.net\/wp-content\/uploads\/2025\/02\/cropped-12.jpg","width":398,"height":354,"caption":"Agrupamento Cardoso Lopes"},"image":{"@id":"https:\/\/cardosolopes.net\/#\/schema\/logo\/image\/"}}]}},"_links":{"self":[{"href":"https:\/\/cardosolopes.net\/index.php?rest_route=\/wp\/v2\/pages\/444","targetHints":{"allow":["GET"]}}],"collection":[{"href":"https:\/\/cardosolopes.net\/index.php?rest_route=\/wp\/v2\/pages"}],"about":[{"href":"https:\/\/cardosolopes.net\/index.php?rest_route=\/wp\/v2\/types\/page"}],"author":[{"embeddable":true,"href":"https:\/\/cardosolopes.net\/index.php?rest_route=\/wp\/v2\/users\/3"}],"replies":[{"embeddable":true,"href":"https:\/\/cardosolopes.net\/index.php?rest_route=%2Fwp%2Fv2%2Fcomments&post=444"}],"version-history":[{"count":4,"href":"https:\/\/cardosolopes.net\/index.php?rest_route=\/wp\/v2\/pages\/444\/revisions"}],"predecessor-version":[{"id":1366,"href":"https:\/\/cardosolopes.net\/index.php?rest_route=\/wp\/v2\/pages\/444\/revisions\/1366"}],"wp:attachment":[{"href":"https:\/\/cardosolopes.net\/index.php?rest_route=%2Fwp%2Fv2%2Fmedia&parent=444"}],"curies":[{"name":"wp","href":"https:\/\/api.w.org\/{rel}","templated":true}]}}