{"id":452,"date":"2025-02-21T22:40:56","date_gmt":"2025-02-21T22:40:56","guid":{"rendered":"https:\/\/cardosolopes.net\/?page_id=452"},"modified":"2025-11-24T15:32:39","modified_gmt":"2025-11-24T15:32:39","slug":"refeitorio","status":"publish","type":"page","link":"https:\/\/cardosolopes.net\/?page_id=452","title":{"rendered":"Refeit\u00f3rio"},"content":{"rendered":"\n<p>As ementas podem ser consultadas na plataforma SIGA, dispon\u00edvel em: <a href=\"https:\/\/siga.edubox.pt\/auth\" target=\"_blank\" rel=\"noreferrer noopener\">SIGA2020 Central &#8211; auth<\/a>.<\/p>\n\n\n\n<figure class=\"wp-block-gallery has-nested-images columns-default is-cropped wp-block-gallery-1 is-layout-flex wp-block-gallery-is-layout-flex\">\n<figure class=\"wp-block-image size-large\"><img  title=\"\" loading=\"lazy\" decoding=\"async\" width=\"1024\" height=\"768\" data-id=\"1344\" src=\"https:\/\/cardosolopes.net\/wp-content\/uploads\/2025\/04\/refeitorio_aecl_1-1024x768.jpg\"  alt=\"refeitorio_aecl_1-1024x768 Refeit\u00f3rio\"  class=\"wp-image-1344\" srcset=\"https:\/\/cardosolopes.net\/wp-content\/uploads\/2025\/04\/refeitorio_aecl_1-1024x768.jpg 1024w, https:\/\/cardosolopes.net\/wp-content\/uploads\/2025\/04\/refeitorio_aecl_1-300x225.jpg 300w, https:\/\/cardosolopes.net\/wp-content\/uploads\/2025\/04\/refeitorio_aecl_1-768x576.jpg 768w, https:\/\/cardosolopes.net\/wp-content\/uploads\/2025\/04\/refeitorio_aecl_1-1536x1152.jpg 1536w, https:\/\/cardosolopes.net\/wp-content\/uploads\/2025\/04\/refeitorio_aecl_1-600x450.jpg 600w, https:\/\/cardosolopes.net\/wp-content\/uploads\/2025\/04\/refeitorio_aecl_1.jpg 2048w\" sizes=\"auto, (max-width: 1024px) 100vw, 1024px\" \/><figcaption class=\"wp-element-caption\">Entrada do refeit\u00f3rio<\/figcaption><\/figure>\n\n\n\n<figure class=\"wp-block-image size-large\"><img  title=\"\" loading=\"lazy\" decoding=\"async\" width=\"1024\" height=\"768\" data-id=\"1345\" src=\"https:\/\/cardosolopes.net\/wp-content\/uploads\/2025\/04\/refeitorio_aecl_2-1024x768.jpg\"  alt=\"refeitorio_aecl_2-1024x768 Refeit\u00f3rio\"  class=\"wp-image-1345\" srcset=\"https:\/\/cardosolopes.net\/wp-content\/uploads\/2025\/04\/refeitorio_aecl_2-1024x768.jpg 1024w, https:\/\/cardosolopes.net\/wp-content\/uploads\/2025\/04\/refeitorio_aecl_2-300x225.jpg 300w, https:\/\/cardosolopes.net\/wp-content\/uploads\/2025\/04\/refeitorio_aecl_2-768x576.jpg 768w, https:\/\/cardosolopes.net\/wp-content\/uploads\/2025\/04\/refeitorio_aecl_2-1536x1152.jpg 1536w, https:\/\/cardosolopes.net\/wp-content\/uploads\/2025\/04\/refeitorio_aecl_2-600x450.jpg 600w, https:\/\/cardosolopes.net\/wp-content\/uploads\/2025\/04\/refeitorio_aecl_2.jpg 2048w\" sizes=\"auto, (max-width: 1024px) 100vw, 1024px\" \/><figcaption class=\"wp-element-caption\">Recolha da refei\u00e7\u00e3o<\/figcaption><\/figure>\n\n\n\n<figure class=\"wp-block-image size-large\"><img  title=\"\" loading=\"lazy\" decoding=\"async\" width=\"1024\" height=\"768\" data-id=\"1348\" src=\"https:\/\/cardosolopes.net\/wp-content\/uploads\/2025\/04\/refeitorio_aecl_5-1024x768.jpg\"  alt=\"refeitorio_aecl_5-1024x768 Refeit\u00f3rio\"  class=\"wp-image-1348\" srcset=\"https:\/\/cardosolopes.net\/wp-content\/uploads\/2025\/04\/refeitorio_aecl_5-1024x768.jpg 1024w, https:\/\/cardosolopes.net\/wp-content\/uploads\/2025\/04\/refeitorio_aecl_5-300x225.jpg 300w, https:\/\/cardosolopes.net\/wp-content\/uploads\/2025\/04\/refeitorio_aecl_5-768x576.jpg 768w, https:\/\/cardosolopes.net\/wp-content\/uploads\/2025\/04\/refeitorio_aecl_5-1536x1152.jpg 1536w, https:\/\/cardosolopes.net\/wp-content\/uploads\/2025\/04\/refeitorio_aecl_5-600x450.jpg 600w, https:\/\/cardosolopes.net\/wp-content\/uploads\/2025\/04\/refeitorio_aecl_5.jpg 2048w\" sizes=\"auto, (max-width: 1024px) 100vw, 1024px\" \/><figcaption class=\"wp-element-caption\">Espa\u00e7o de refei\u00e7\u00e3o<\/figcaption><\/figure>\n\n\n\n<figure class=\"wp-block-image size-large\"><img  title=\"\" loading=\"lazy\" decoding=\"async\" width=\"1024\" height=\"768\" data-id=\"1346\" src=\"https:\/\/cardosolopes.net\/wp-content\/uploads\/2025\/04\/refeitorio_aecl_3-1024x768.jpg\"  alt=\"refeitorio_aecl_3-1024x768 Refeit\u00f3rio\"  class=\"wp-image-1346\" srcset=\"https:\/\/cardosolopes.net\/wp-content\/uploads\/2025\/04\/refeitorio_aecl_3-1024x768.jpg 1024w, https:\/\/cardosolopes.net\/wp-content\/uploads\/2025\/04\/refeitorio_aecl_3-300x225.jpg 300w, https:\/\/cardosolopes.net\/wp-content\/uploads\/2025\/04\/refeitorio_aecl_3-768x576.jpg 768w, https:\/\/cardosolopes.net\/wp-content\/uploads\/2025\/04\/refeitorio_aecl_3-1536x1152.jpg 1536w, https:\/\/cardosolopes.net\/wp-content\/uploads\/2025\/04\/refeitorio_aecl_3-600x450.jpg 600w, https:\/\/cardosolopes.net\/wp-content\/uploads\/2025\/04\/refeitorio_aecl_3.jpg 2048w\" sizes=\"auto, (max-width: 1024px) 100vw, 1024px\" \/><figcaption class=\"wp-element-caption\">Espa\u00e7o de refei\u00e7\u00e3o<\/figcaption><\/figure>\n\n\n\n<figure class=\"wp-block-image size-large\"><img  title=\"\" loading=\"lazy\" decoding=\"async\" width=\"1024\" height=\"768\" data-id=\"1347\" src=\"https:\/\/cardosolopes.net\/wp-content\/uploads\/2025\/04\/refeitorio_aecl_4-1024x768.jpg\"  alt=\"refeitorio_aecl_4-1024x768 Refeit\u00f3rio\"  class=\"wp-image-1347\" srcset=\"https:\/\/cardosolopes.net\/wp-content\/uploads\/2025\/04\/refeitorio_aecl_4-1024x768.jpg 1024w, https:\/\/cardosolopes.net\/wp-content\/uploads\/2025\/04\/refeitorio_aecl_4-300x225.jpg 300w, https:\/\/cardosolopes.net\/wp-content\/uploads\/2025\/04\/refeitorio_aecl_4-768x576.jpg 768w, https:\/\/cardosolopes.net\/wp-content\/uploads\/2025\/04\/refeitorio_aecl_4-1536x1152.jpg 1536w, https:\/\/cardosolopes.net\/wp-content\/uploads\/2025\/04\/refeitorio_aecl_4-600x450.jpg 600w, https:\/\/cardosolopes.net\/wp-content\/uploads\/2025\/04\/refeitorio_aecl_4.jpg 2048w\" sizes=\"auto, (max-width: 1024px) 100vw, 1024px\" \/><figcaption class=\"wp-element-caption\">Separa\u00e7\u00e3o de res\u00edduos<\/figcaption><\/figure>\n\n\n\n<figure class=\"wp-block-image size-large\"><img  title=\"\" loading=\"lazy\" decoding=\"async\" width=\"1024\" height=\"768\" data-id=\"1349\" src=\"https:\/\/cardosolopes.net\/wp-content\/uploads\/2025\/04\/refeitorio_aecl_6-1024x768.jpg\"  alt=\"refeitorio_aecl_6-1024x768 Refeit\u00f3rio\"  class=\"wp-image-1349\" srcset=\"https:\/\/cardosolopes.net\/wp-content\/uploads\/2025\/04\/refeitorio_aecl_6-1024x768.jpg 1024w, https:\/\/cardosolopes.net\/wp-content\/uploads\/2025\/04\/refeitorio_aecl_6-300x225.jpg 300w, https:\/\/cardosolopes.net\/wp-content\/uploads\/2025\/04\/refeitorio_aecl_6-768x576.jpg 768w, https:\/\/cardosolopes.net\/wp-content\/uploads\/2025\/04\/refeitorio_aecl_6-1536x1152.jpg 1536w, https:\/\/cardosolopes.net\/wp-content\/uploads\/2025\/04\/refeitorio_aecl_6-600x450.jpg 600w, https:\/\/cardosolopes.net\/wp-content\/uploads\/2025\/04\/refeitorio_aecl_6.jpg 2048w\" sizes=\"auto, (max-width: 1024px) 100vw, 1024px\" \/><figcaption class=\"wp-element-caption\">Porta tabuleiros<\/figcaption><\/figure>\n<\/figure>\n\n\n\n<div data-wp-interactive=\"core\/file\" class=\"wp-block-file\"><object data-wp-bind--hidden=\"!state.hasPdfPreview\" hidden class=\"wp-block-file__embed\" data=\"https:\/\/cardosolopes.net\/wp-content\/uploads\/2025\/11\/Regulamento-Refeitorios-escolares-1.pdf\" type=\"application\/pdf\" style=\"width:100%;height:600px\" aria-label=\"Incorpora\u00e7\u00e3o de Regulamento Refeit\u00f3rios escolares (1).\"><\/object><a id=\"wp-block-file--media-bec084e3-f2b3-4ea8-8328-7d3791c52ee0\" href=\"https:\/\/cardosolopes.net\/wp-content\/uploads\/2025\/11\/Regulamento-Refeitorios-escolares-1.pdf\">Regulamento Refeit\u00f3rios escolares (1)<\/a><a href=\"https:\/\/cardosolopes.net\/wp-content\/uploads\/2025\/11\/Regulamento-Refeitorios-escolares-1.pdf\" class=\"wp-block-file__button wp-element-button\" download aria-describedby=\"wp-block-file--media-bec084e3-f2b3-4ea8-8328-7d3791c52ee0\">Descarregar<\/a><\/div>\n","protected":false},"excerpt":{"rendered":"<p>As ementas podem ser consultadas na plataforma SIGA, dispon\u00edvel em: SIGA2020 Central &#8211; auth.<\/p>\n","protected":false},"author":3,"featured_media":0,"parent":0,"menu_order":0,"comment_status":"closed","ping_status":"closed","template":"","meta":{"footnotes":""},"class_list":["post-452","page","type-page","status-publish","hentry"],"yoast_head":"<!-- This site is optimized with the Yoast SEO plugin v27.5 - https:\/\/yoast.com\/product\/yoast-seo-wordpress\/ -->\n<title>Refeit\u00f3rio - Agrupamento Cardoso Lopes<\/title>\n<meta name=\"robots\" content=\"index, follow, max-snippet:-1, max-image-preview:large, max-video-preview:-1\" \/>\n<link rel=\"canonical\" href=\"https:\/\/cardosolopes.net\/?page_id=452\" \/>\n<meta property=\"og:locale\" content=\"pt_PT\" \/>\n<meta property=\"og:type\" content=\"article\" \/>\n<meta property=\"og:title\" content=\"Refeit\u00f3rio - Agrupamento Cardoso Lopes\" \/>\n<meta property=\"og:description\" content=\"As ementas podem ser consultadas na plataforma SIGA, dispon\u00edvel em: SIGA2020 Central &#8211; auth.\" \/>\n<meta property=\"og:url\" content=\"https:\/\/cardosolopes.net\/?page_id=452\" \/>\n<meta property=\"og:site_name\" content=\"Agrupamento Cardoso Lopes\" \/>\n<meta property=\"article:modified_time\" content=\"2025-11-24T15:32:39+00:00\" \/>\n<meta property=\"og:image\" content=\"https:\/\/cardosolopes.net\/wp-content\/uploads\/2025\/04\/refeitorio_aecl_1.jpg\" \/>\n\t<meta property=\"og:image:width\" content=\"2048\" \/>\n\t<meta property=\"og:image:height\" content=\"1536\" \/>\n\t<meta property=\"og:image:type\" content=\"image\/jpeg\" \/>\n<meta name=\"twitter:card\" content=\"summary_large_image\" \/>\n<meta name=\"twitter:label1\" content=\"Tempo estimado de leitura\" \/>\n\t<meta name=\"twitter:data1\" content=\"2 minutos\" \/>\n<script type=\"application\/ld+json\" class=\"yoast-schema-graph\">{\"@context\":\"https:\\\/\\\/schema.org\",\"@graph\":[{\"@type\":\"WebPage\",\"@id\":\"https:\\\/\\\/cardosolopes.net\\\/?page_id=452\",\"url\":\"https:\\\/\\\/cardosolopes.net\\\/?page_id=452\",\"name\":\"Refeit\u00f3rio - Agrupamento Cardoso Lopes\",\"isPartOf\":{\"@id\":\"https:\\\/\\\/cardosolopes.net\\\/#website\"},\"primaryImageOfPage\":{\"@id\":\"https:\\\/\\\/cardosolopes.net\\\/?page_id=452#primaryimage\"},\"image\":{\"@id\":\"https:\\\/\\\/cardosolopes.net\\\/?page_id=452#primaryimage\"},\"thumbnailUrl\":\"https:\\\/\\\/cardosolopes.net\\\/wp-content\\\/uploads\\\/2025\\\/04\\\/refeitorio_aecl_1-1024x768.jpg\",\"datePublished\":\"2025-02-21T22:40:56+00:00\",\"dateModified\":\"2025-11-24T15:32:39+00:00\",\"breadcrumb\":{\"@id\":\"https:\\\/\\\/cardosolopes.net\\\/?page_id=452#breadcrumb\"},\"inLanguage\":\"pt-PT\",\"potentialAction\":[{\"@type\":\"ReadAction\",\"target\":[\"https:\\\/\\\/cardosolopes.net\\\/?page_id=452\"]}]},{\"@type\":\"ImageObject\",\"inLanguage\":\"pt-PT\",\"@id\":\"https:\\\/\\\/cardosolopes.net\\\/?page_id=452#primaryimage\",\"url\":\"https:\\\/\\\/cardosolopes.net\\\/wp-content\\\/uploads\\\/2025\\\/04\\\/refeitorio_aecl_1.jpg\",\"contentUrl\":\"https:\\\/\\\/cardosolopes.net\\\/wp-content\\\/uploads\\\/2025\\\/04\\\/refeitorio_aecl_1.jpg\",\"width\":2048,\"height\":1536,\"caption\":\"Entrada do refeit\u00f3rio\"},{\"@type\":\"BreadcrumbList\",\"@id\":\"https:\\\/\\\/cardosolopes.net\\\/?page_id=452#breadcrumb\",\"itemListElement\":[{\"@type\":\"ListItem\",\"position\":1,\"name\":\"In\u00edcio\",\"item\":\"https:\\\/\\\/cardosolopes.net\\\/\"},{\"@type\":\"ListItem\",\"position\":2,\"name\":\"Refeit\u00f3rio\"}]},{\"@type\":\"WebSite\",\"@id\":\"https:\\\/\\\/cardosolopes.net\\\/#website\",\"url\":\"https:\\\/\\\/cardosolopes.net\\\/\",\"name\":\"Agrupamento Cardoso Lopes\",\"description\":\"\",\"publisher\":{\"@id\":\"https:\\\/\\\/cardosolopes.net\\\/#organization\"},\"potentialAction\":[{\"@type\":\"SearchAction\",\"target\":{\"@type\":\"EntryPoint\",\"urlTemplate\":\"https:\\\/\\\/cardosolopes.net\\\/?s={search_term_string}\"},\"query-input\":{\"@type\":\"PropertyValueSpecification\",\"valueRequired\":true,\"valueName\":\"search_term_string\"}}],\"inLanguage\":\"pt-PT\"},{\"@type\":\"Organization\",\"@id\":\"https:\\\/\\\/cardosolopes.net\\\/#organization\",\"name\":\"Agrupamento Cardoso Lopes\",\"url\":\"https:\\\/\\\/cardosolopes.net\\\/\",\"logo\":{\"@type\":\"ImageObject\",\"inLanguage\":\"pt-PT\",\"@id\":\"https:\\\/\\\/cardosolopes.net\\\/#\\\/schema\\\/logo\\\/image\\\/\",\"url\":\"https:\\\/\\\/cardosolopes.net\\\/wp-content\\\/uploads\\\/2025\\\/02\\\/cropped-12.jpg\",\"contentUrl\":\"https:\\\/\\\/cardosolopes.net\\\/wp-content\\\/uploads\\\/2025\\\/02\\\/cropped-12.jpg\",\"width\":398,\"height\":354,\"caption\":\"Agrupamento Cardoso Lopes\"},\"image\":{\"@id\":\"https:\\\/\\\/cardosolopes.net\\\/#\\\/schema\\\/logo\\\/image\\\/\"}}]}<\/script>\n<!-- \/ Yoast SEO plugin. -->","yoast_head_json":{"title":"Refeit\u00f3rio - Agrupamento Cardoso Lopes","robots":{"index":"index","follow":"follow","max-snippet":"max-snippet:-1","max-image-preview":"max-image-preview:large","max-video-preview":"max-video-preview:-1"},"canonical":"https:\/\/cardosolopes.net\/?page_id=452","og_locale":"pt_PT","og_type":"article","og_title":"Refeit\u00f3rio - Agrupamento Cardoso Lopes","og_description":"As ementas podem ser consultadas na plataforma SIGA, dispon\u00edvel em: SIGA2020 Central &#8211; auth.","og_url":"https:\/\/cardosolopes.net\/?page_id=452","og_site_name":"Agrupamento Cardoso Lopes","article_modified_time":"2025-11-24T15:32:39+00:00","og_image":[{"width":2048,"height":1536,"url":"https:\/\/cardosolopes.net\/wp-content\/uploads\/2025\/04\/refeitorio_aecl_1.jpg","type":"image\/jpeg"}],"twitter_card":"summary_large_image","twitter_misc":{"Tempo estimado de leitura":"2 minutos"},"schema":{"@context":"https:\/\/schema.org","@graph":[{"@type":"WebPage","@id":"https:\/\/cardosolopes.net\/?page_id=452","url":"https:\/\/cardosolopes.net\/?page_id=452","name":"Refeit\u00f3rio - Agrupamento Cardoso Lopes","isPartOf":{"@id":"https:\/\/cardosolopes.net\/#website"},"primaryImageOfPage":{"@id":"https:\/\/cardosolopes.net\/?page_id=452#primaryimage"},"image":{"@id":"https:\/\/cardosolopes.net\/?page_id=452#primaryimage"},"thumbnailUrl":"https:\/\/cardosolopes.net\/wp-content\/uploads\/2025\/04\/refeitorio_aecl_1-1024x768.jpg","datePublished":"2025-02-21T22:40:56+00:00","dateModified":"2025-11-24T15:32:39+00:00","breadcrumb":{"@id":"https:\/\/cardosolopes.net\/?page_id=452#breadcrumb"},"inLanguage":"pt-PT","potentialAction":[{"@type":"ReadAction","target":["https:\/\/cardosolopes.net\/?page_id=452"]}]},{"@type":"ImageObject","inLanguage":"pt-PT","@id":"https:\/\/cardosolopes.net\/?page_id=452#primaryimage","url":"https:\/\/cardosolopes.net\/wp-content\/uploads\/2025\/04\/refeitorio_aecl_1.jpg","contentUrl":"https:\/\/cardosolopes.net\/wp-content\/uploads\/2025\/04\/refeitorio_aecl_1.jpg","width":2048,"height":1536,"caption":"Entrada do refeit\u00f3rio"},{"@type":"BreadcrumbList","@id":"https:\/\/cardosolopes.net\/?page_id=452#breadcrumb","itemListElement":[{"@type":"ListItem","position":1,"name":"In\u00edcio","item":"https:\/\/cardosolopes.net\/"},{"@type":"ListItem","position":2,"name":"Refeit\u00f3rio"}]},{"@type":"WebSite","@id":"https:\/\/cardosolopes.net\/#website","url":"https:\/\/cardosolopes.net\/","name":"Agrupamento Cardoso Lopes","description":"","publisher":{"@id":"https:\/\/cardosolopes.net\/#organization"},"potentialAction":[{"@type":"SearchAction","target":{"@type":"EntryPoint","urlTemplate":"https:\/\/cardosolopes.net\/?s={search_term_string}"},"query-input":{"@type":"PropertyValueSpecification","valueRequired":true,"valueName":"search_term_string"}}],"inLanguage":"pt-PT"},{"@type":"Organization","@id":"https:\/\/cardosolopes.net\/#organization","name":"Agrupamento Cardoso Lopes","url":"https:\/\/cardosolopes.net\/","logo":{"@type":"ImageObject","inLanguage":"pt-PT","@id":"https:\/\/cardosolopes.net\/#\/schema\/logo\/image\/","url":"https:\/\/cardosolopes.net\/wp-content\/uploads\/2025\/02\/cropped-12.jpg","contentUrl":"https:\/\/cardosolopes.net\/wp-content\/uploads\/2025\/02\/cropped-12.jpg","width":398,"height":354,"caption":"Agrupamento Cardoso Lopes"},"image":{"@id":"https:\/\/cardosolopes.net\/#\/schema\/logo\/image\/"}}]}},"_links":{"self":[{"href":"https:\/\/cardosolopes.net\/index.php?rest_route=\/wp\/v2\/pages\/452","targetHints":{"allow":["GET"]}}],"collection":[{"href":"https:\/\/cardosolopes.net\/index.php?rest_route=\/wp\/v2\/pages"}],"about":[{"href":"https:\/\/cardosolopes.net\/index.php?rest_route=\/wp\/v2\/types\/page"}],"author":[{"embeddable":true,"href":"https:\/\/cardosolopes.net\/index.php?rest_route=\/wp\/v2\/users\/3"}],"replies":[{"embeddable":true,"href":"https:\/\/cardosolopes.net\/index.php?rest_route=%2Fwp%2Fv2%2Fcomments&post=452"}],"version-history":[{"count":4,"href":"https:\/\/cardosolopes.net\/index.php?rest_route=\/wp\/v2\/pages\/452\/revisions"}],"predecessor-version":[{"id":6127,"href":"https:\/\/cardosolopes.net\/index.php?rest_route=\/wp\/v2\/pages\/452\/revisions\/6127"}],"wp:attachment":[{"href":"https:\/\/cardosolopes.net\/index.php?rest_route=%2Fwp%2Fv2%2Fmedia&parent=452"}],"curies":[{"name":"wp","href":"https:\/\/api.w.org\/{rel}","templated":true}]}}